{"id":248119,"date":"2024-06-25T20:53:23","date_gmt":"2024-06-25T18:53:23","guid":{"rendered":"https:\/\/mentta.fastdelivery.es\/?post_type=product&#038;p=248119"},"modified":"2026-03-10T17:16:30","modified_gmt":"2026-03-10T16:16:30","slug":"habas-fritas-mini-baby-alsur-lata-420-gr-extra","status":"publish","type":"product","link":"https:\/\/mentta.fastdelivery.es\/index.php\/producto\/habas-fritas-mini-baby-alsur-lata-420-gr-extra\/","title":{"rendered":"Habas Fritas Mini Baby Alsur Lata 420 gr Extra"},"content":{"rendered":"<p><strong>Habas Fritas Mini Baby Alsur<\/strong>\u00a0Lata 420 gr\u00a0<strong>Categor\u00eda Extra<\/strong><\/p>\n<p>Las\u00a0<strong>habas fritas mini baby<\/strong>, son \u00fanicas en su g\u00e9nero.<\/p>\n<p>Son\u00a0seleccionadas con sumo cuidado, no pueden ser m\u00e1s diminutas, todas del mismo tama\u00f1o, enteras y con una tonalidad verde oliva.<\/p>\n<p>Debido al efecto del aceite en el cual se fr\u00eden y se conservan ambas, presentan una\u00a0<strong>textura muy suave<\/strong>\u00a0y un sabor con un\u00a0<strong>cierto grado de acidez.<\/strong><\/p>\n","protected":false},"excerpt":{"rendered":"<p>Habas Fritas Mini Baby Alsur\u00a0Lata 420 gr\u00a0Categor\u00eda Extra Las\u00a0habas fritas mini baby, son \u00fanicas en su g\u00e9nero. Son\u00a0seleccionadas con sumo cuidado, no pueden ser m\u00e1s diminutas, todas del mismo tama\u00f1o, enteras y con una tonalidad verde oliva. Debido al efecto del aceite en el cual se fr\u00eden y se conservan ambas, presentan una\u00a0textura muy suave\u00a0y [&hellip;]<\/p>\n","protected":false},"featured_media":246852,"comment_status":"closed","ping_status":"closed","template":"","meta":[],"product_brand":[],"product_cat":[69,63],"product_tag":[],"class_list":{"0":"post-248119","1":"product","2":"type-product","3":"status-publish","4":"has-post-thumbnail","6":"product_cat-conservas","7":"product_cat-especias-y-condimentos","9":"first","10":"instock","11":"shipping-taxable","12":"purchasable","13":"product-type-simple"},"_links":{"self":[{"href":"https:\/\/mentta.fastdelivery.es\/index.php\/wp-json\/wp\/v2\/product\/248119","targetHints":{"allow":["GET"]}}],"collection":[{"href":"https:\/\/mentta.fastdelivery.es\/index.php\/wp-json\/wp\/v2\/product"}],"about":[{"href":"https:\/\/mentta.fastdelivery.es\/index.php\/wp-json\/wp\/v2\/types\/product"}],"replies":[{"embeddable":true,"href":"https:\/\/mentta.fastdelivery.es\/index.php\/wp-json\/wp\/v2\/comments?post=248119"}],"wp:featuredmedia":[{"embeddable":true,"href":"https:\/\/mentta.fastdelivery.es\/index.php\/wp-json\/wp\/v2\/media\/246852"}],"wp:attachment":[{"href":"https:\/\/mentta.fastdelivery.es\/index.php\/wp-json\/wp\/v2\/media?parent=248119"}],"wp:term":[{"taxonomy":"product_brand","embeddable":true,"href":"https:\/\/mentta.fastdelivery.es\/index.php\/wp-json\/wp\/v2\/product_brand?post=248119"},{"taxonomy":"product_cat","embeddable":true,"href":"https:\/\/mentta.fastdelivery.es\/index.php\/wp-json\/wp\/v2\/product_cat?post=248119"},{"taxonomy":"product_tag","embeddable":true,"href":"https:\/\/mentta.fastdelivery.es\/index.php\/wp-json\/wp\/v2\/product_tag?post=248119"}],"curies":[{"name":"wp","href":"https:\/\/api.w.org\/{rel}","templated":true}]}}