{"id":248180,"date":"2024-06-27T08:01:07","date_gmt":"2024-06-27T06:01:07","guid":{"rendered":"https:\/\/mentta.fastdelivery.es\/?post_type=product&#038;p=248180"},"modified":"2026-03-10T17:16:29","modified_gmt":"2026-03-10T16:16:29","slug":"chorizo-iberico-de-bellota-joselito-125-kg-aprox","status":"publish","type":"product","link":"https:\/\/mentta.fastdelivery.es\/index.php\/producto\/chorizo-iberico-de-bellota-joselito-125-kg-aprox\/","title":{"rendered":"Chorizo Ib\u00e9rico de Bellota Joselito 1,25 kg aprox."},"content":{"rendered":"<p><strong>Chorizo Ib\u00e9rico de bellota Joselito<\/strong><\/p>\n<p>Elaborado con las piezas nobles del cerdo. Sorprende su intesidad arom\u00e1tica, su finura y jugosidad.<\/p>\n<p>El\u00a0<strong>Chorizo Joselito<\/strong>\u00a0se elabora de forma totalmente natural durante los meses de invierno en secaderos naturales<\/p>\n<p>Tonalidad rojo p\u00farpura, con mucho sabor y punto equilirado de grasa y piment\u00f3n.<\/p>\n<p>6 meses de curaci\u00f3n natural.<\/p>\n<p>*Piezas de 1 &#8211; 1,5 kg aprox. por lo que puede existir una ligera variaci\u00f3n en el precio final del producto.<\/p>\n","protected":false},"excerpt":{"rendered":"<p>Chorizo Ib\u00e9rico de bellota Joselito Elaborado con las piezas nobles del cerdo. Sorprende su intesidad arom\u00e1tica, su finura y jugosidad. El\u00a0Chorizo Joselito\u00a0se elabora de forma totalmente natural durante los meses de invierno en secaderos naturales Tonalidad rojo p\u00farpura, con mucho sabor y punto equilirado de grasa y piment\u00f3n. 6 meses de curaci\u00f3n natural. *Piezas de [&hellip;]<\/p>\n","protected":false},"featured_media":246926,"comment_status":"closed","ping_status":"closed","template":"","meta":[],"product_brand":[],"product_cat":[73],"product_tag":[],"class_list":{"0":"post-248180","1":"product","2":"type-product","3":"status-publish","4":"has-post-thumbnail","6":"product_cat-fiambres-y-embutidos","8":"first","9":"instock","10":"shipping-taxable","11":"purchasable","12":"product-type-simple"},"_links":{"self":[{"href":"https:\/\/mentta.fastdelivery.es\/index.php\/wp-json\/wp\/v2\/product\/248180","targetHints":{"allow":["GET"]}}],"collection":[{"href":"https:\/\/mentta.fastdelivery.es\/index.php\/wp-json\/wp\/v2\/product"}],"about":[{"href":"https:\/\/mentta.fastdelivery.es\/index.php\/wp-json\/wp\/v2\/types\/product"}],"replies":[{"embeddable":true,"href":"https:\/\/mentta.fastdelivery.es\/index.php\/wp-json\/wp\/v2\/comments?post=248180"}],"wp:featuredmedia":[{"embeddable":true,"href":"https:\/\/mentta.fastdelivery.es\/index.php\/wp-json\/wp\/v2\/media\/246926"}],"wp:attachment":[{"href":"https:\/\/mentta.fastdelivery.es\/index.php\/wp-json\/wp\/v2\/media?parent=248180"}],"wp:term":[{"taxonomy":"product_brand","embeddable":true,"href":"https:\/\/mentta.fastdelivery.es\/index.php\/wp-json\/wp\/v2\/product_brand?post=248180"},{"taxonomy":"product_cat","embeddable":true,"href":"https:\/\/mentta.fastdelivery.es\/index.php\/wp-json\/wp\/v2\/product_cat?post=248180"},{"taxonomy":"product_tag","embeddable":true,"href":"https:\/\/mentta.fastdelivery.es\/index.php\/wp-json\/wp\/v2\/product_tag?post=248180"}],"curies":[{"name":"wp","href":"https:\/\/api.w.org\/{rel}","templated":true}]}}