{"id":248185,"date":"2024-06-27T08:42:15","date_gmt":"2024-06-27T06:42:15","guid":{"rendered":"https:\/\/mentta.fastdelivery.es\/?post_type=product&#038;p=248185"},"modified":"2026-03-10T17:16:29","modified_gmt":"2026-03-10T16:16:29","slug":"chicharrones-200-gr","status":"publish","type":"product","link":"https:\/\/mentta.fastdelivery.es\/index.php\/producto\/chicharrones-200-gr\/","title":{"rendered":"Chicharrones 200 gr"},"content":{"rendered":"<p>Lo que se conoce en C\u00e1diz como los\u00a0<strong>Chicharrones<\/strong>, piezas de panceta de cerdo fritas en manteca que luego se parten en fin\u00edsimas lonchas.<\/p>\n<p>Ideal para tomar en aperitivos con un poco de sal y lim\u00f3n.<\/p>\n<p>Loncheados al estilo gaditano, elaborados con panceta de cerdo de m\u00e1xima calidad. Un capricho que \u00a1de\u00a0cu\u00e1ndo en\u00a0cu\u00e1ndo no hace da\u00f1o!<\/p>\n<p>&nbsp;<\/p>\n<p>*Precio por peso aprox del producto de 200 gr.<\/p>\n<p>*En la preparaci\u00f3n de productos frescos puede existir una ligera variaci\u00f3n del precio final en funci\u00f3n del peso.<\/p>\n","protected":false},"excerpt":{"rendered":"<p>Lo que se conoce en C\u00e1diz como los\u00a0Chicharrones, piezas de panceta de cerdo fritas en manteca que luego se parten en fin\u00edsimas lonchas. Ideal para tomar en aperitivos con un poco de sal y lim\u00f3n. Loncheados al estilo gaditano, elaborados con panceta de cerdo de m\u00e1xima calidad. Un capricho que \u00a1de\u00a0cu\u00e1ndo en\u00a0cu\u00e1ndo no hace da\u00f1o! [&hellip;]<\/p>\n","protected":false},"featured_media":246932,"comment_status":"closed","ping_status":"closed","template":"","meta":[],"product_brand":[],"product_cat":[73],"product_tag":[],"class_list":{"0":"post-248185","1":"product","2":"type-product","3":"status-publish","4":"has-post-thumbnail","6":"product_cat-fiambres-y-embutidos","8":"first","9":"instock","10":"shipping-taxable","11":"purchasable","12":"product-type-simple"},"_links":{"self":[{"href":"https:\/\/mentta.fastdelivery.es\/index.php\/wp-json\/wp\/v2\/product\/248185","targetHints":{"allow":["GET"]}}],"collection":[{"href":"https:\/\/mentta.fastdelivery.es\/index.php\/wp-json\/wp\/v2\/product"}],"about":[{"href":"https:\/\/mentta.fastdelivery.es\/index.php\/wp-json\/wp\/v2\/types\/product"}],"replies":[{"embeddable":true,"href":"https:\/\/mentta.fastdelivery.es\/index.php\/wp-json\/wp\/v2\/comments?post=248185"}],"wp:featuredmedia":[{"embeddable":true,"href":"https:\/\/mentta.fastdelivery.es\/index.php\/wp-json\/wp\/v2\/media\/246932"}],"wp:attachment":[{"href":"https:\/\/mentta.fastdelivery.es\/index.php\/wp-json\/wp\/v2\/media?parent=248185"}],"wp:term":[{"taxonomy":"product_brand","embeddable":true,"href":"https:\/\/mentta.fastdelivery.es\/index.php\/wp-json\/wp\/v2\/product_brand?post=248185"},{"taxonomy":"product_cat","embeddable":true,"href":"https:\/\/mentta.fastdelivery.es\/index.php\/wp-json\/wp\/v2\/product_cat?post=248185"},{"taxonomy":"product_tag","embeddable":true,"href":"https:\/\/mentta.fastdelivery.es\/index.php\/wp-json\/wp\/v2\/product_tag?post=248185"}],"curies":[{"name":"wp","href":"https:\/\/api.w.org\/{rel}","templated":true}]}}