{"id":248190,"date":"2024-06-27T08:47:16","date_gmt":"2024-06-27T06:47:16","guid":{"rendered":"https:\/\/mentta.fastdelivery.es\/?post_type=product&#038;p=248190"},"modified":"2026-03-10T17:16:29","modified_gmt":"2026-03-10T16:16:29","slug":"salchichon-bellota-salamanca-campana-15-kg","status":"publish","type":"product","link":"https:\/\/mentta.fastdelivery.es\/index.php\/producto\/salchichon-bellota-salamanca-campana-15-kg\/","title":{"rendered":"Salchich\u00f3n Bellota Salamanca Campa\u00f1a 1,5 kg"},"content":{"rendered":"<p>Pieza de<strong>\u00a0Salchich\u00f3n Bellota Campa\u00f1a de Salamanca<\/strong>\u00a0de Artesana Jamonera.<\/p>\n<p>Embutido de Campa\u00f1a de Bellota de la mayor calidad. Elaborado de forma natural, con los mejores condimentos y con carnes magras procedentes del\u00a0<strong>cerdo Ib\u00e9rico<\/strong>\u00a0de\u00a0<strong>Bellota<\/strong>\u00a0criado en\u00a0<strong>Salamanca<\/strong>.<\/p>\n<p>*Precio aproximado por pieza de 1,5 kg.<\/p>\n<p>*En la preparaci\u00f3n de productos frescos puede existir una ligera variaci\u00f3n del precio final en funci\u00f3n del peso.<\/p>\n","protected":false},"excerpt":{"rendered":"<p>Pieza de\u00a0Salchich\u00f3n Bellota Campa\u00f1a de Salamanca\u00a0de Artesana Jamonera. Embutido de Campa\u00f1a de Bellota de la mayor calidad. Elaborado de forma natural, con los mejores condimentos y con carnes magras procedentes del\u00a0cerdo Ib\u00e9rico\u00a0de\u00a0Bellota\u00a0criado en\u00a0Salamanca. *Precio aproximado por pieza de 1,5 kg. *En la preparaci\u00f3n de productos frescos puede existir una ligera variaci\u00f3n del precio final en [&hellip;]<\/p>\n","protected":false},"featured_media":246938,"comment_status":"closed","ping_status":"closed","template":"","meta":[],"product_brand":[],"product_cat":[73],"product_tag":[],"class_list":{"0":"post-248190","1":"product","2":"type-product","3":"status-publish","4":"has-post-thumbnail","6":"product_cat-fiambres-y-embutidos","8":"first","9":"instock","10":"shipping-taxable","11":"purchasable","12":"product-type-simple"},"_links":{"self":[{"href":"https:\/\/mentta.fastdelivery.es\/index.php\/wp-json\/wp\/v2\/product\/248190","targetHints":{"allow":["GET"]}}],"collection":[{"href":"https:\/\/mentta.fastdelivery.es\/index.php\/wp-json\/wp\/v2\/product"}],"about":[{"href":"https:\/\/mentta.fastdelivery.es\/index.php\/wp-json\/wp\/v2\/types\/product"}],"replies":[{"embeddable":true,"href":"https:\/\/mentta.fastdelivery.es\/index.php\/wp-json\/wp\/v2\/comments?post=248190"}],"wp:featuredmedia":[{"embeddable":true,"href":"https:\/\/mentta.fastdelivery.es\/index.php\/wp-json\/wp\/v2\/media\/246938"}],"wp:attachment":[{"href":"https:\/\/mentta.fastdelivery.es\/index.php\/wp-json\/wp\/v2\/media?parent=248190"}],"wp:term":[{"taxonomy":"product_brand","embeddable":true,"href":"https:\/\/mentta.fastdelivery.es\/index.php\/wp-json\/wp\/v2\/product_brand?post=248190"},{"taxonomy":"product_cat","embeddable":true,"href":"https:\/\/mentta.fastdelivery.es\/index.php\/wp-json\/wp\/v2\/product_cat?post=248190"},{"taxonomy":"product_tag","embeddable":true,"href":"https:\/\/mentta.fastdelivery.es\/index.php\/wp-json\/wp\/v2\/product_tag?post=248190"}],"curies":[{"name":"wp","href":"https:\/\/api.w.org\/{rel}","templated":true}]}}