{"id":248197,"date":"2024-06-27T08:59:29","date_gmt":"2024-06-27T06:59:29","guid":{"rendered":"https:\/\/mentta.fastdelivery.es\/?post_type=product&#038;p=248197"},"modified":"2026-03-10T17:16:29","modified_gmt":"2026-03-10T16:16:29","slug":"bandeja-de-embutido-iberico-de-bellota","status":"publish","type":"product","link":"https:\/\/mentta.fastdelivery.es\/index.php\/producto\/bandeja-de-embutido-iberico-de-bellota\/","title":{"rendered":"Bandeja de Embutido Ib\u00e9rico de Bellota"},"content":{"rendered":"<p>La bandeja contiene:<\/p>\n<p><strong>Jam\u00f3n de Bellota ib\u00e9rico 50% Raza ib\u00e9rica<\/strong><\/p>\n<p><strong>Queso curado de oveja<\/strong><\/p>\n<p><strong>Lomo de cebo de Bellota ib\u00e9rico<\/strong>\u00a050 % Raza Ib\u00e9rica<\/p>\n<p>Peso Aproximado del lote 500 g<\/p>\n<p>*Se enviar\u00e1 envasada al vac\u00edo.<\/p>\n<p>Debido a la preparaci\u00f3n especial del lote, el\u00a0<strong>tiempo de env\u00edo ser\u00e1 de 48 horas<\/strong>\u00a0(pedidos realizados antes de las 16:00h)<\/p>\n","protected":false},"excerpt":{"rendered":"<p>La bandeja contiene: Jam\u00f3n de Bellota ib\u00e9rico 50% Raza ib\u00e9rica Queso curado de oveja Lomo de cebo de Bellota ib\u00e9rico\u00a050 % Raza Ib\u00e9rica Peso Aproximado del lote 500 g *Se enviar\u00e1 envasada al vac\u00edo. Debido a la preparaci\u00f3n especial del lote, el\u00a0tiempo de env\u00edo ser\u00e1 de 48 horas\u00a0(pedidos realizados antes de las 16:00h)<\/p>\n","protected":false},"featured_media":246946,"comment_status":"closed","ping_status":"closed","template":"","meta":[],"product_brand":[],"product_cat":[67],"product_tag":[],"class_list":{"0":"post-248197","1":"product","2":"type-product","3":"status-publish","4":"has-post-thumbnail","6":"product_cat-lotes-especiales","8":"first","9":"instock","10":"shipping-taxable","11":"purchasable","12":"product-type-simple"},"_links":{"self":[{"href":"https:\/\/mentta.fastdelivery.es\/index.php\/wp-json\/wp\/v2\/product\/248197","targetHints":{"allow":["GET"]}}],"collection":[{"href":"https:\/\/mentta.fastdelivery.es\/index.php\/wp-json\/wp\/v2\/product"}],"about":[{"href":"https:\/\/mentta.fastdelivery.es\/index.php\/wp-json\/wp\/v2\/types\/product"}],"replies":[{"embeddable":true,"href":"https:\/\/mentta.fastdelivery.es\/index.php\/wp-json\/wp\/v2\/comments?post=248197"}],"wp:featuredmedia":[{"embeddable":true,"href":"https:\/\/mentta.fastdelivery.es\/index.php\/wp-json\/wp\/v2\/media\/246946"}],"wp:attachment":[{"href":"https:\/\/mentta.fastdelivery.es\/index.php\/wp-json\/wp\/v2\/media?parent=248197"}],"wp:term":[{"taxonomy":"product_brand","embeddable":true,"href":"https:\/\/mentta.fastdelivery.es\/index.php\/wp-json\/wp\/v2\/product_brand?post=248197"},{"taxonomy":"product_cat","embeddable":true,"href":"https:\/\/mentta.fastdelivery.es\/index.php\/wp-json\/wp\/v2\/product_cat?post=248197"},{"taxonomy":"product_tag","embeddable":true,"href":"https:\/\/mentta.fastdelivery.es\/index.php\/wp-json\/wp\/v2\/product_tag?post=248197"}],"curies":[{"name":"wp","href":"https:\/\/api.w.org\/{rel}","templated":true}]}}