{"id":248252,"date":"2024-07-01T20:36:19","date_gmt":"2024-07-01T18:36:19","guid":{"rendered":"https:\/\/mentta.fastdelivery.es\/?post_type=product&#038;p=248252"},"modified":"2026-03-10T17:16:28","modified_gmt":"2026-03-10T16:16:28","slug":"harina-de-garbanzos-500-gr","status":"publish","type":"product","link":"https:\/\/mentta.fastdelivery.es\/index.php\/producto\/harina-de-garbanzos-500-gr\/","title":{"rendered":"Harina de Garbanzos 500 Gr"},"content":{"rendered":"<p>La\u00a0<strong>harina de garbanzo<\/strong>\u00a0es una alternativa sana y de calidad a la harina tradicional.<\/p>\n<p>Es una harina m\u00e1s arom\u00e1tica, por ejemplo, que la harina de trigo, adem\u00e1s de ser\u00a0<strong>m\u00e1s beneficiosa para nuestro organismo<\/strong>\u00a0que las harinas procesadas.<\/p>\n<p>Uno de los beneficios de la\u00a0<strong>harina de garbanzo<\/strong>\u00a0es la gran cantidad de\u00a0<strong>prote\u00ednas vegetales<\/strong>\u00a0y la<strong>\u00a0fibra<\/strong>\u00a0que contiene.<\/p>\n<p>Esta harina adem\u00e1s,\u00a0<strong>no contiene gluten.<\/strong><\/p>\n","protected":false},"excerpt":{"rendered":"<p>La\u00a0harina de garbanzo\u00a0es una alternativa sana y de calidad a la harina tradicional. Es una harina m\u00e1s arom\u00e1tica, por ejemplo, que la harina de trigo, adem\u00e1s de ser\u00a0m\u00e1s beneficiosa para nuestro organismo\u00a0que las harinas procesadas. Uno de los beneficios de la\u00a0harina de garbanzo\u00a0es la gran cantidad de\u00a0prote\u00ednas vegetales\u00a0y la\u00a0fibra\u00a0que contiene. Esta harina adem\u00e1s,\u00a0no contiene gluten.<\/p>\n","protected":false},"featured_media":248253,"comment_status":"closed","ping_status":"closed","template":"","meta":[],"product_brand":[],"product_cat":[71],"product_tag":[],"class_list":{"0":"post-248252","1":"product","2":"type-product","3":"status-publish","4":"has-post-thumbnail","6":"product_cat-panaderia-harinas-y-masas","8":"first","9":"instock","10":"shipping-taxable","11":"purchasable","12":"product-type-simple"},"_links":{"self":[{"href":"https:\/\/mentta.fastdelivery.es\/index.php\/wp-json\/wp\/v2\/product\/248252","targetHints":{"allow":["GET"]}}],"collection":[{"href":"https:\/\/mentta.fastdelivery.es\/index.php\/wp-json\/wp\/v2\/product"}],"about":[{"href":"https:\/\/mentta.fastdelivery.es\/index.php\/wp-json\/wp\/v2\/types\/product"}],"replies":[{"embeddable":true,"href":"https:\/\/mentta.fastdelivery.es\/index.php\/wp-json\/wp\/v2\/comments?post=248252"}],"wp:featuredmedia":[{"embeddable":true,"href":"https:\/\/mentta.fastdelivery.es\/index.php\/wp-json\/wp\/v2\/media\/248253"}],"wp:attachment":[{"href":"https:\/\/mentta.fastdelivery.es\/index.php\/wp-json\/wp\/v2\/media?parent=248252"}],"wp:term":[{"taxonomy":"product_brand","embeddable":true,"href":"https:\/\/mentta.fastdelivery.es\/index.php\/wp-json\/wp\/v2\/product_brand?post=248252"},{"taxonomy":"product_cat","embeddable":true,"href":"https:\/\/mentta.fastdelivery.es\/index.php\/wp-json\/wp\/v2\/product_cat?post=248252"},{"taxonomy":"product_tag","embeddable":true,"href":"https:\/\/mentta.fastdelivery.es\/index.php\/wp-json\/wp\/v2\/product_tag?post=248252"}],"curies":[{"name":"wp","href":"https:\/\/api.w.org\/{rel}","templated":true}]}}