{"id":248254,"date":"2024-07-01T20:38:58","date_gmt":"2024-07-01T18:38:58","guid":{"rendered":"https:\/\/mentta.fastdelivery.es\/?post_type=product&#038;p=248254"},"modified":"2026-03-10T17:16:28","modified_gmt":"2026-03-10T16:16:28","slug":"levadura-en-polvo","status":"publish","type":"product","link":"https:\/\/mentta.fastdelivery.es\/index.php\/producto\/levadura-en-polvo\/","title":{"rendered":"Levadura en polvo"},"content":{"rendered":"<p><strong>Levadura en Polvo<\/strong>\u00a064g<\/p>\n<p>Polvo sin olor de color blanco o crema y de sabor \u00e1cido.<\/p>\n<p>Se emplea como agente leudante para masas de harina, rebozados y esponjante de tortillas.<\/p>\n<p>Tambi\u00e9n se usa en bizcochos, magdalenas, tartas, bu\u00f1uelos, rebozados, masas de empanadas, churros y reposter\u00eda en general.<\/p>\n","protected":false},"excerpt":{"rendered":"<p>Levadura en Polvo\u00a064g Polvo sin olor de color blanco o crema y de sabor \u00e1cido. Se emplea como agente leudante para masas de harina, rebozados y esponjante de tortillas. Tambi\u00e9n se usa en bizcochos, magdalenas, tartas, bu\u00f1uelos, rebozados, masas de empanadas, churros y reposter\u00eda en general.<\/p>\n","protected":false},"featured_media":247012,"comment_status":"closed","ping_status":"closed","template":"","meta":[],"product_brand":[],"product_cat":[71],"product_tag":[],"class_list":{"0":"post-248254","1":"product","2":"type-product","3":"status-publish","4":"has-post-thumbnail","6":"product_cat-panaderia-harinas-y-masas","8":"first","9":"instock","10":"shipping-taxable","11":"purchasable","12":"product-type-simple"},"_links":{"self":[{"href":"https:\/\/mentta.fastdelivery.es\/index.php\/wp-json\/wp\/v2\/product\/248254","targetHints":{"allow":["GET"]}}],"collection":[{"href":"https:\/\/mentta.fastdelivery.es\/index.php\/wp-json\/wp\/v2\/product"}],"about":[{"href":"https:\/\/mentta.fastdelivery.es\/index.php\/wp-json\/wp\/v2\/types\/product"}],"replies":[{"embeddable":true,"href":"https:\/\/mentta.fastdelivery.es\/index.php\/wp-json\/wp\/v2\/comments?post=248254"}],"wp:featuredmedia":[{"embeddable":true,"href":"https:\/\/mentta.fastdelivery.es\/index.php\/wp-json\/wp\/v2\/media\/247012"}],"wp:attachment":[{"href":"https:\/\/mentta.fastdelivery.es\/index.php\/wp-json\/wp\/v2\/media?parent=248254"}],"wp:term":[{"taxonomy":"product_brand","embeddable":true,"href":"https:\/\/mentta.fastdelivery.es\/index.php\/wp-json\/wp\/v2\/product_brand?post=248254"},{"taxonomy":"product_cat","embeddable":true,"href":"https:\/\/mentta.fastdelivery.es\/index.php\/wp-json\/wp\/v2\/product_cat?post=248254"},{"taxonomy":"product_tag","embeddable":true,"href":"https:\/\/mentta.fastdelivery.es\/index.php\/wp-json\/wp\/v2\/product_tag?post=248254"}],"curies":[{"name":"wp","href":"https:\/\/api.w.org\/{rel}","templated":true}]}}