{"id":248257,"date":"2024-07-01T21:13:30","date_gmt":"2024-07-01T19:13:30","guid":{"rendered":"https:\/\/mentta.fastdelivery.es\/?post_type=product&#038;p=248257"},"modified":"2026-03-10T17:16:28","modified_gmt":"2026-03-10T16:16:28","slug":"azucar-vainillado-65-gr","status":"publish","type":"product","link":"https:\/\/mentta.fastdelivery.es\/index.php\/producto\/azucar-vainillado-65-gr\/","title":{"rendered":"Az\u00facar Vainillado 65 gr"},"content":{"rendered":"<p>Producto de confiter\u00eda elaborado a base de az\u00facar y vainilla.<\/p>\n<p>Se emplea para reposter\u00eda, natillas, flanes, arroz con leche y helados, ya que aporta el delicioso sabor dulce y perfume de la vainilla.<\/p>\n","protected":false},"excerpt":{"rendered":"<p>Producto de confiter\u00eda elaborado a base de az\u00facar y vainilla. Se emplea para reposter\u00eda, natillas, flanes, arroz con leche y helados, ya que aporta el delicioso sabor dulce y perfume de la vainilla.<\/p>\n","protected":false},"featured_media":248258,"comment_status":"closed","ping_status":"closed","template":"","meta":[],"product_brand":[],"product_cat":[72],"product_tag":[],"class_list":{"0":"post-248257","1":"product","2":"type-product","3":"status-publish","4":"has-post-thumbnail","6":"product_cat-azucar-caramelos-y-chocolate","8":"first","9":"instock","10":"shipping-taxable","11":"purchasable","12":"product-type-simple"},"_links":{"self":[{"href":"https:\/\/mentta.fastdelivery.es\/index.php\/wp-json\/wp\/v2\/product\/248257","targetHints":{"allow":["GET"]}}],"collection":[{"href":"https:\/\/mentta.fastdelivery.es\/index.php\/wp-json\/wp\/v2\/product"}],"about":[{"href":"https:\/\/mentta.fastdelivery.es\/index.php\/wp-json\/wp\/v2\/types\/product"}],"replies":[{"embeddable":true,"href":"https:\/\/mentta.fastdelivery.es\/index.php\/wp-json\/wp\/v2\/comments?post=248257"}],"wp:featuredmedia":[{"embeddable":true,"href":"https:\/\/mentta.fastdelivery.es\/index.php\/wp-json\/wp\/v2\/media\/248258"}],"wp:attachment":[{"href":"https:\/\/mentta.fastdelivery.es\/index.php\/wp-json\/wp\/v2\/media?parent=248257"}],"wp:term":[{"taxonomy":"product_brand","embeddable":true,"href":"https:\/\/mentta.fastdelivery.es\/index.php\/wp-json\/wp\/v2\/product_brand?post=248257"},{"taxonomy":"product_cat","embeddable":true,"href":"https:\/\/mentta.fastdelivery.es\/index.php\/wp-json\/wp\/v2\/product_cat?post=248257"},{"taxonomy":"product_tag","embeddable":true,"href":"https:\/\/mentta.fastdelivery.es\/index.php\/wp-json\/wp\/v2\/product_tag?post=248257"}],"curies":[{"name":"wp","href":"https:\/\/api.w.org\/{rel}","templated":true}]}}