{"id":248259,"date":"2024-07-02T16:35:41","date_gmt":"2024-07-02T14:35:41","guid":{"rendered":"https:\/\/mentta.fastdelivery.es\/?post_type=product&#038;p=248259"},"modified":"2026-03-10T17:16:28","modified_gmt":"2026-03-10T16:16:28","slug":"ariel-detergente-original-65-lavados","status":"publish","type":"product","link":"https:\/\/mentta.fastdelivery.es\/index.php\/producto\/ariel-detergente-original-65-lavados\/","title":{"rendered":"Ariel detergente original 65 Lavados"},"content":{"rendered":"<p>Descubre la eficacia incomparable del <strong>Ariel Detergente Original<\/strong> en su presentaci\u00f3n de 65 lavados.<\/p>\n<p>Elimina las manchas m\u00e1s dif\u00edciles y deja tu ropa impecablemente limpia. Con f\u00f3rmula de alto rendimiento, este detergente de la reconocida marca Ariel garantiza resultados excepcionales en cada colada<\/p>\n","protected":false},"excerpt":{"rendered":"<p>Descubre la eficacia incomparable del Ariel Detergente Original en su presentaci\u00f3n de 65 lavados. Elimina las manchas m\u00e1s dif\u00edciles y deja tu ropa impecablemente limpia. Con f\u00f3rmula de alto rendimiento, este detergente de la reconocida marca Ariel garantiza resultados excepcionales en cada colada<\/p>\n","protected":false},"featured_media":247018,"comment_status":"closed","ping_status":"closed","template":"","meta":[],"product_brand":[],"product_cat":[58],"product_tag":[],"class_list":{"0":"post-248259","1":"product","2":"type-product","3":"status-publish","4":"has-post-thumbnail","6":"product_cat-limpieza-y-hogar","8":"first","9":"instock","10":"shipping-taxable","11":"purchasable","12":"product-type-simple"},"_links":{"self":[{"href":"https:\/\/mentta.fastdelivery.es\/index.php\/wp-json\/wp\/v2\/product\/248259","targetHints":{"allow":["GET"]}}],"collection":[{"href":"https:\/\/mentta.fastdelivery.es\/index.php\/wp-json\/wp\/v2\/product"}],"about":[{"href":"https:\/\/mentta.fastdelivery.es\/index.php\/wp-json\/wp\/v2\/types\/product"}],"replies":[{"embeddable":true,"href":"https:\/\/mentta.fastdelivery.es\/index.php\/wp-json\/wp\/v2\/comments?post=248259"}],"wp:featuredmedia":[{"embeddable":true,"href":"https:\/\/mentta.fastdelivery.es\/index.php\/wp-json\/wp\/v2\/media\/247018"}],"wp:attachment":[{"href":"https:\/\/mentta.fastdelivery.es\/index.php\/wp-json\/wp\/v2\/media?parent=248259"}],"wp:term":[{"taxonomy":"product_brand","embeddable":true,"href":"https:\/\/mentta.fastdelivery.es\/index.php\/wp-json\/wp\/v2\/product_brand?post=248259"},{"taxonomy":"product_cat","embeddable":true,"href":"https:\/\/mentta.fastdelivery.es\/index.php\/wp-json\/wp\/v2\/product_cat?post=248259"},{"taxonomy":"product_tag","embeddable":true,"href":"https:\/\/mentta.fastdelivery.es\/index.php\/wp-json\/wp\/v2\/product_tag?post=248259"}],"curies":[{"name":"wp","href":"https:\/\/api.w.org\/{rel}","templated":true}]}}