{"id":248260,"date":"2024-07-02T16:39:12","date_gmt":"2024-07-02T14:39:12","guid":{"rendered":"https:\/\/mentta.fastdelivery.es\/?post_type=product&#038;p=248260"},"modified":"2026-03-10T17:16:28","modified_gmt":"2026-03-10T16:16:28","slug":"flota-esencia-detergente-polvo-120-lavados","status":"publish","type":"product","link":"https:\/\/mentta.fastdelivery.es\/index.php\/producto\/flota-esencia-detergente-polvo-120-lavados\/","title":{"rendered":"Flota Esencia Detergente Polvo 120 Lavados"},"content":{"rendered":"<p><strong>Flota Esencia Detergente Polvo 120 Lavados<\/strong>.<\/p>\n<p>Este detergente en polvo de alta calidad ha sido dise\u00f1ado pensando en tu comodidad y en la salud de tus prendas. Con su f\u00f3rmula avanzada, podr\u00e1s disfrutar de hasta 120 lavados de ropa impecable.<\/p>\n","protected":false},"excerpt":{"rendered":"<p>Flota Esencia Detergente Polvo 120 Lavados. Este detergente en polvo de alta calidad ha sido dise\u00f1ado pensando en tu comodidad y en la salud de tus prendas. Con su f\u00f3rmula avanzada, podr\u00e1s disfrutar de hasta 120 lavados de ropa impecable.<\/p>\n","protected":false},"featured_media":247020,"comment_status":"closed","ping_status":"closed","template":"","meta":[],"product_brand":[],"product_cat":[58],"product_tag":[],"class_list":{"0":"post-248260","1":"product","2":"type-product","3":"status-publish","4":"has-post-thumbnail","6":"product_cat-limpieza-y-hogar","8":"first","9":"instock","10":"shipping-taxable","11":"purchasable","12":"product-type-simple"},"_links":{"self":[{"href":"https:\/\/mentta.fastdelivery.es\/index.php\/wp-json\/wp\/v2\/product\/248260","targetHints":{"allow":["GET"]}}],"collection":[{"href":"https:\/\/mentta.fastdelivery.es\/index.php\/wp-json\/wp\/v2\/product"}],"about":[{"href":"https:\/\/mentta.fastdelivery.es\/index.php\/wp-json\/wp\/v2\/types\/product"}],"replies":[{"embeddable":true,"href":"https:\/\/mentta.fastdelivery.es\/index.php\/wp-json\/wp\/v2\/comments?post=248260"}],"wp:featuredmedia":[{"embeddable":true,"href":"https:\/\/mentta.fastdelivery.es\/index.php\/wp-json\/wp\/v2\/media\/247020"}],"wp:attachment":[{"href":"https:\/\/mentta.fastdelivery.es\/index.php\/wp-json\/wp\/v2\/media?parent=248260"}],"wp:term":[{"taxonomy":"product_brand","embeddable":true,"href":"https:\/\/mentta.fastdelivery.es\/index.php\/wp-json\/wp\/v2\/product_brand?post=248260"},{"taxonomy":"product_cat","embeddable":true,"href":"https:\/\/mentta.fastdelivery.es\/index.php\/wp-json\/wp\/v2\/product_cat?post=248260"},{"taxonomy":"product_tag","embeddable":true,"href":"https:\/\/mentta.fastdelivery.es\/index.php\/wp-json\/wp\/v2\/product_tag?post=248260"}],"curies":[{"name":"wp","href":"https:\/\/api.w.org\/{rel}","templated":true}]}}