{"id":248262,"date":"2024-07-02T16:45:14","date_gmt":"2024-07-02T14:45:14","guid":{"rendered":"https:\/\/mentta.fastdelivery.es\/?post_type=product&#038;p=248262"},"modified":"2026-03-10T17:16:28","modified_gmt":"2026-03-10T16:16:28","slug":"micolor-coladas-mixtas-detergente-en-capsulas","status":"publish","type":"product","link":"https:\/\/mentta.fastdelivery.es\/index.php\/producto\/micolor-coladas-mixtas-detergente-en-capsulas\/","title":{"rendered":"Micolor coladas mixtas Detergente en C\u00e1psulas"},"content":{"rendered":"<p><strong>Micolor Detergente en C\u00e1psulas<\/strong> Adi\u00f3s al Separar (22 lavados), jab\u00f3n para ropa de color en formato sostenible con poder quitamanchas que protege los colores<\/p>\n","protected":false},"excerpt":{"rendered":"<p>Micolor Detergente en C\u00e1psulas Adi\u00f3s al Separar (22 lavados), jab\u00f3n para ropa de color en formato sostenible con poder quitamanchas que protege los colores<\/p>\n","protected":false},"featured_media":248263,"comment_status":"closed","ping_status":"closed","template":"","meta":[],"product_brand":[],"product_cat":[58],"product_tag":[],"class_list":{"0":"post-248262","1":"product","2":"type-product","3":"status-publish","4":"has-post-thumbnail","6":"product_cat-limpieza-y-hogar","8":"first","9":"instock","10":"shipping-taxable","11":"purchasable","12":"product-type-simple"},"_links":{"self":[{"href":"https:\/\/mentta.fastdelivery.es\/index.php\/wp-json\/wp\/v2\/product\/248262","targetHints":{"allow":["GET"]}}],"collection":[{"href":"https:\/\/mentta.fastdelivery.es\/index.php\/wp-json\/wp\/v2\/product"}],"about":[{"href":"https:\/\/mentta.fastdelivery.es\/index.php\/wp-json\/wp\/v2\/types\/product"}],"replies":[{"embeddable":true,"href":"https:\/\/mentta.fastdelivery.es\/index.php\/wp-json\/wp\/v2\/comments?post=248262"}],"wp:featuredmedia":[{"embeddable":true,"href":"https:\/\/mentta.fastdelivery.es\/index.php\/wp-json\/wp\/v2\/media\/248263"}],"wp:attachment":[{"href":"https:\/\/mentta.fastdelivery.es\/index.php\/wp-json\/wp\/v2\/media?parent=248262"}],"wp:term":[{"taxonomy":"product_brand","embeddable":true,"href":"https:\/\/mentta.fastdelivery.es\/index.php\/wp-json\/wp\/v2\/product_brand?post=248262"},{"taxonomy":"product_cat","embeddable":true,"href":"https:\/\/mentta.fastdelivery.es\/index.php\/wp-json\/wp\/v2\/product_cat?post=248262"},{"taxonomy":"product_tag","embeddable":true,"href":"https:\/\/mentta.fastdelivery.es\/index.php\/wp-json\/wp\/v2\/product_tag?post=248262"}],"curies":[{"name":"wp","href":"https:\/\/api.w.org\/{rel}","templated":true}]}}