{"id":248270,"date":"2024-07-03T15:51:12","date_gmt":"2024-07-03T13:51:12","guid":{"rendered":"https:\/\/mentta.fastdelivery.es\/?post_type=product&#038;p=248270"},"modified":"2026-03-10T17:16:28","modified_gmt":"2026-03-10T16:16:28","slug":"don-limpio-limpiador-de-banos-13-l","status":"publish","type":"product","link":"https:\/\/mentta.fastdelivery.es\/index.php\/producto\/don-limpio-limpiador-de-banos-13-l\/","title":{"rendered":"Don Limpio &#8211; Limpiador de ba\u00f1os 1,3 L"},"content":{"rendered":"<p><strong>Don Limpio Ba\u00f1os<\/strong> crea una barrera protectora en las superficies previniendo que la suciedad corriente y las marcas de agua se depositen en ellas manteniendo as\u00ed su ba\u00f1o limpio y fresco por m\u00e1s tiempo.<\/p>\n","protected":false},"excerpt":{"rendered":"<p>Don Limpio Ba\u00f1os crea una barrera protectora en las superficies previniendo que la suciedad corriente y las marcas de agua se depositen en ellas manteniendo as\u00ed su ba\u00f1o limpio y fresco por m\u00e1s tiempo.<\/p>\n","protected":false},"featured_media":247032,"comment_status":"closed","ping_status":"closed","template":"","meta":[],"product_brand":[],"product_cat":[58],"product_tag":[],"class_list":{"0":"post-248270","1":"product","2":"type-product","3":"status-publish","4":"has-post-thumbnail","6":"product_cat-limpieza-y-hogar","8":"first","9":"instock","10":"shipping-taxable","11":"purchasable","12":"product-type-simple"},"_links":{"self":[{"href":"https:\/\/mentta.fastdelivery.es\/index.php\/wp-json\/wp\/v2\/product\/248270","targetHints":{"allow":["GET"]}}],"collection":[{"href":"https:\/\/mentta.fastdelivery.es\/index.php\/wp-json\/wp\/v2\/product"}],"about":[{"href":"https:\/\/mentta.fastdelivery.es\/index.php\/wp-json\/wp\/v2\/types\/product"}],"replies":[{"embeddable":true,"href":"https:\/\/mentta.fastdelivery.es\/index.php\/wp-json\/wp\/v2\/comments?post=248270"}],"wp:featuredmedia":[{"embeddable":true,"href":"https:\/\/mentta.fastdelivery.es\/index.php\/wp-json\/wp\/v2\/media\/247032"}],"wp:attachment":[{"href":"https:\/\/mentta.fastdelivery.es\/index.php\/wp-json\/wp\/v2\/media?parent=248270"}],"wp:term":[{"taxonomy":"product_brand","embeddable":true,"href":"https:\/\/mentta.fastdelivery.es\/index.php\/wp-json\/wp\/v2\/product_brand?post=248270"},{"taxonomy":"product_cat","embeddable":true,"href":"https:\/\/mentta.fastdelivery.es\/index.php\/wp-json\/wp\/v2\/product_cat?post=248270"},{"taxonomy":"product_tag","embeddable":true,"href":"https:\/\/mentta.fastdelivery.es\/index.php\/wp-json\/wp\/v2\/product_tag?post=248270"}],"curies":[{"name":"wp","href":"https:\/\/api.w.org\/{rel}","templated":true}]}}