{"id":248276,"date":"2024-07-04T08:16:57","date_gmt":"2024-07-04T06:16:57","guid":{"rendered":"https:\/\/mentta.fastdelivery.es\/?post_type=product&#038;p=248276"},"modified":"2026-03-10T17:16:28","modified_gmt":"2026-03-10T16:16:28","slug":"cerveza-paulaner-weissbier-botella-pack-20-botellas","status":"publish","type":"product","link":"https:\/\/mentta.fastdelivery.es\/index.php\/producto\/cerveza-paulaner-weissbier-botella-pack-20-botellas\/","title":{"rendered":"Cerveza Paulaner Weissbier botella Pack 20 botellas"},"content":{"rendered":"<ul>\n<li><strong>Informaci\u00f3n nutricional:\u00a0<\/strong>\n<ul>\n<li>Calor\u00edas: 210 kcal<\/li>\n<li>Carbohidratos: 16 g<\/li>\n<li>Prote\u00ednas: 2.9 g<\/li>\n<li>Alcohol: 5.5% vol.<\/li>\n<\/ul>\n<\/li>\n<li><strong>Al\u00e9rgenos:<\/strong> Contiene gluten (derivado de la cebada y trigo), que son al\u00e9rgenos comunes. Tambi\u00e9n puede contener trazas de sulfitos debido al proceso de elaboraci\u00f3n<\/li>\n<li>Origen cerveza alemana<\/li>\n<\/ul>\n","protected":false},"excerpt":{"rendered":"<p>Informaci\u00f3n nutricional:\u00a0 Calor\u00edas: 210 kcal Carbohidratos: 16 g Prote\u00ednas: 2.9 g Alcohol: 5.5% vol. Al\u00e9rgenos: Contiene gluten (derivado de la cebada y trigo), que son al\u00e9rgenos comunes. Tambi\u00e9n puede contener trazas de sulfitos debido al proceso de elaboraci\u00f3n Origen cerveza alemana<\/p>\n","protected":false},"featured_media":247040,"comment_status":"closed","ping_status":"closed","template":"","meta":[],"product_brand":[],"product_cat":[45],"product_tag":[],"class_list":{"0":"post-248276","1":"product","2":"type-product","3":"status-publish","4":"has-post-thumbnail","6":"product_cat-cervezas-y-refrescos","8":"first","9":"instock","10":"shipping-taxable","11":"purchasable","12":"product-type-simple"},"_links":{"self":[{"href":"https:\/\/mentta.fastdelivery.es\/index.php\/wp-json\/wp\/v2\/product\/248276","targetHints":{"allow":["GET"]}}],"collection":[{"href":"https:\/\/mentta.fastdelivery.es\/index.php\/wp-json\/wp\/v2\/product"}],"about":[{"href":"https:\/\/mentta.fastdelivery.es\/index.php\/wp-json\/wp\/v2\/types\/product"}],"replies":[{"embeddable":true,"href":"https:\/\/mentta.fastdelivery.es\/index.php\/wp-json\/wp\/v2\/comments?post=248276"}],"wp:featuredmedia":[{"embeddable":true,"href":"https:\/\/mentta.fastdelivery.es\/index.php\/wp-json\/wp\/v2\/media\/247040"}],"wp:attachment":[{"href":"https:\/\/mentta.fastdelivery.es\/index.php\/wp-json\/wp\/v2\/media?parent=248276"}],"wp:term":[{"taxonomy":"product_brand","embeddable":true,"href":"https:\/\/mentta.fastdelivery.es\/index.php\/wp-json\/wp\/v2\/product_brand?post=248276"},{"taxonomy":"product_cat","embeddable":true,"href":"https:\/\/mentta.fastdelivery.es\/index.php\/wp-json\/wp\/v2\/product_cat?post=248276"},{"taxonomy":"product_tag","embeddable":true,"href":"https:\/\/mentta.fastdelivery.es\/index.php\/wp-json\/wp\/v2\/product_tag?post=248276"}],"curies":[{"name":"wp","href":"https:\/\/api.w.org\/{rel}","templated":true}]}}