{"id":248277,"date":"2024-07-04T08:20:58","date_gmt":"2024-07-04T06:20:58","guid":{"rendered":"https:\/\/mentta.fastdelivery.es\/?post_type=product&#038;p=248277"},"modified":"2026-03-10T17:16:28","modified_gmt":"2026-03-10T16:16:28","slug":"heineken-lata-330-ml-24-ud","status":"publish","type":"product","link":"https:\/\/mentta.fastdelivery.es\/index.php\/producto\/heineken-lata-330-ml-24-ud\/","title":{"rendered":"Heineken lata 330 ml (24 ud)"},"content":{"rendered":"<ul>\n<li><strong>Heineken Lata 330 ml<\/strong>:\n<ul>\n<li><strong>Calor\u00edas<\/strong>: 142 kcal<\/li>\n<li><strong>Carbohidratos<\/strong>: 11 g<\/li>\n<li><strong>Prote\u00ednas<\/strong>: 2 g<\/li>\n<li><strong>Alcohol<\/strong>: 5% vol.<\/li>\n<li><strong>Al\u00e9rgenos<\/strong>: Contiene gluten (derivado de la cebada). Heineken no contiene aditivos, conservantes ni ingredientes que normalmente causan alergias m\u00e1s all\u00e1 del gluten<\/li>\n<li>Origen Espa\u00f1a<\/li>\n<\/ul>\n<\/li>\n<\/ul>\n","protected":false},"excerpt":{"rendered":"<p>Heineken Lata 330 ml: Calor\u00edas: 142 kcal Carbohidratos: 11 g Prote\u00ednas: 2 g Alcohol: 5% vol. Al\u00e9rgenos: Contiene gluten (derivado de la cebada). Heineken no contiene aditivos, conservantes ni ingredientes que normalmente causan alergias m\u00e1s all\u00e1 del gluten Origen Espa\u00f1a<\/p>\n","protected":false},"featured_media":248278,"comment_status":"closed","ping_status":"closed","template":"","meta":[],"product_brand":[],"product_cat":[45],"product_tag":[],"class_list":{"0":"post-248277","1":"product","2":"type-product","3":"status-publish","4":"has-post-thumbnail","6":"product_cat-cervezas-y-refrescos","8":"first","9":"instock","10":"shipping-taxable","11":"purchasable","12":"product-type-simple"},"_links":{"self":[{"href":"https:\/\/mentta.fastdelivery.es\/index.php\/wp-json\/wp\/v2\/product\/248277","targetHints":{"allow":["GET"]}}],"collection":[{"href":"https:\/\/mentta.fastdelivery.es\/index.php\/wp-json\/wp\/v2\/product"}],"about":[{"href":"https:\/\/mentta.fastdelivery.es\/index.php\/wp-json\/wp\/v2\/types\/product"}],"replies":[{"embeddable":true,"href":"https:\/\/mentta.fastdelivery.es\/index.php\/wp-json\/wp\/v2\/comments?post=248277"}],"wp:featuredmedia":[{"embeddable":true,"href":"https:\/\/mentta.fastdelivery.es\/index.php\/wp-json\/wp\/v2\/media\/248278"}],"wp:attachment":[{"href":"https:\/\/mentta.fastdelivery.es\/index.php\/wp-json\/wp\/v2\/media?parent=248277"}],"wp:term":[{"taxonomy":"product_brand","embeddable":true,"href":"https:\/\/mentta.fastdelivery.es\/index.php\/wp-json\/wp\/v2\/product_brand?post=248277"},{"taxonomy":"product_cat","embeddable":true,"href":"https:\/\/mentta.fastdelivery.es\/index.php\/wp-json\/wp\/v2\/product_cat?post=248277"},{"taxonomy":"product_tag","embeddable":true,"href":"https:\/\/mentta.fastdelivery.es\/index.php\/wp-json\/wp\/v2\/product_tag?post=248277"}],"curies":[{"name":"wp","href":"https:\/\/api.w.org\/{rel}","templated":true}]}}