{"id":248284,"date":"2024-07-04T08:53:14","date_gmt":"2024-07-04T06:53:14","guid":{"rendered":"https:\/\/mentta.fastdelivery.es\/?post_type=product&#038;p=248284"},"modified":"2026-03-10T17:16:28","modified_gmt":"2026-03-10T16:16:28","slug":"manitas-de-cerdo-huertas","status":"publish","type":"product","link":"https:\/\/mentta.fastdelivery.es\/index.php\/producto\/manitas-de-cerdo-huertas\/","title":{"rendered":"Manitas de cerdo Huertas"},"content":{"rendered":"<p><span class=\"TextRun SCXW214522869 BCX0\" lang=\"ES-ES\" xml:lang=\"ES-ES\" data-contrast=\"none\"><span class=\"NormalTextRun SCXW214522869 BCX0\" data-ccp-charstyle=\"Ninguno\">Plato cocinado en conserva. Producto sometido al proceso t<\/span><span class=\"NormalTextRun SCXW214522869 BCX0\" data-ccp-charstyle=\"Ninguno\">\u00e9<\/span><span class=\"NormalTextRun SCXW214522869 BCX0\" data-ccp-charstyle=\"Ninguno\">rmico de esterilizaci<\/span><span class=\"NormalTextRun SCXW214522869 BCX0\" data-ccp-charstyle=\"Ninguno\">\u00f3<\/span><span class=\"NormalTextRun SCXW214522869 BCX0\" data-ccp-charstyle=\"Ninguno\">n. Elaborado a base de manos de cerdo y salsa especiada.<\/span><\/span><span class=\"EOP SCXW214522869 BCX0\" data-ccp-props=\"{&quot;134233117&quot;:false,&quot;134233118&quot;:false,&quot;201341983&quot;:0,&quot;335551550&quot;:1,&quot;335551620&quot;:1,&quot;335559685&quot;:0,&quot;335559731&quot;:0,&quot;335559737&quot;:0,&quot;335559740&quot;:240}\">\u00a0<\/span><\/p>\n<h3><strong>BOTE MANITAS DE CERDO 420 GR<\/strong><\/h3>\n<ul>\n<li><strong>Ingredientes<\/strong>: Manitas de cerdo, agua, sal, especias.<\/li>\n<li><strong>Informaci\u00f3n nutricional<\/strong>\u00a0(por 100 g):\n<ul>\n<li>Energ\u00eda: 189 kcal<\/li>\n<li>Grasas: 13 g<\/li>\n<li>Hidratos de carbono: 0 g<\/li>\n<li>Az\u00facares: 0 g<\/li>\n<li>Prote\u00ednas: 17 g<\/li>\n<li>Sal: 1.2 g<\/li>\n<\/ul>\n<\/li>\n<li><strong>Al\u00e9rgenos<\/strong>: Puede contener trazas de soja y gluten.<\/li>\n<li>Origen Espa\u00f1a<\/li>\n<\/ul>\n","protected":false},"excerpt":{"rendered":"<p>Plato cocinado en conserva. Producto sometido al proceso t\u00e9rmico de esterilizaci\u00f3n. Elaborado a base de manos de cerdo y salsa especiada.\u00a0 BOTE MANITAS DE CERDO 420 GR Ingredientes: Manitas de cerdo, agua, sal, especias. Informaci\u00f3n nutricional\u00a0(por 100 g): Energ\u00eda: 189 kcal Grasas: 13 g Hidratos de carbono: 0 g Az\u00facares: 0 g Prote\u00ednas: 17 g [&hellip;]<\/p>\n","protected":false},"featured_media":247048,"comment_status":"closed","ping_status":"closed","template":"","meta":[],"product_brand":[],"product_cat":[69],"product_tag":[],"class_list":{"0":"post-248284","1":"product","2":"type-product","3":"status-publish","4":"has-post-thumbnail","6":"product_cat-conservas","8":"first","9":"instock","10":"shipping-taxable","11":"purchasable","12":"product-type-simple"},"_links":{"self":[{"href":"https:\/\/mentta.fastdelivery.es\/index.php\/wp-json\/wp\/v2\/product\/248284","targetHints":{"allow":["GET"]}}],"collection":[{"href":"https:\/\/mentta.fastdelivery.es\/index.php\/wp-json\/wp\/v2\/product"}],"about":[{"href":"https:\/\/mentta.fastdelivery.es\/index.php\/wp-json\/wp\/v2\/types\/product"}],"replies":[{"embeddable":true,"href":"https:\/\/mentta.fastdelivery.es\/index.php\/wp-json\/wp\/v2\/comments?post=248284"}],"wp:featuredmedia":[{"embeddable":true,"href":"https:\/\/mentta.fastdelivery.es\/index.php\/wp-json\/wp\/v2\/media\/247048"}],"wp:attachment":[{"href":"https:\/\/mentta.fastdelivery.es\/index.php\/wp-json\/wp\/v2\/media?parent=248284"}],"wp:term":[{"taxonomy":"product_brand","embeddable":true,"href":"https:\/\/mentta.fastdelivery.es\/index.php\/wp-json\/wp\/v2\/product_brand?post=248284"},{"taxonomy":"product_cat","embeddable":true,"href":"https:\/\/mentta.fastdelivery.es\/index.php\/wp-json\/wp\/v2\/product_cat?post=248284"},{"taxonomy":"product_tag","embeddable":true,"href":"https:\/\/mentta.fastdelivery.es\/index.php\/wp-json\/wp\/v2\/product_tag?post=248284"}],"curies":[{"name":"wp","href":"https:\/\/api.w.org\/{rel}","templated":true}]}}