{"id":248289,"date":"2024-07-04T09:04:48","date_gmt":"2024-07-04T07:04:48","guid":{"rendered":"https:\/\/mentta.fastdelivery.es\/?post_type=product&#038;p=248289"},"modified":"2026-03-10T17:16:27","modified_gmt":"2026-03-10T16:16:27","slug":"callos-huertas-415-gr","status":"publish","type":"product","link":"https:\/\/mentta.fastdelivery.es\/index.php\/producto\/callos-huertas-415-gr\/","title":{"rendered":"Callos Huertas 415 Gr."},"content":{"rendered":"<h3><strong>LATA CALLOS 415GR<\/strong><\/h3>\n<ul>\n<li><strong>Ingredientes<\/strong>: Tripa de ternera, morro de cerdo, chorizo, morcilla, tomate, cebolla, ajo, piment\u00f3n, agua, sal, especias.<\/li>\n<li><strong>Informaci\u00f3n nutricional<\/strong>\u00a0(por 100 g):\n<ul>\n<li>Energ\u00eda: 164 kcal<\/li>\n<li>Grasas: 11 g<\/li>\n<li>Hidratos de carbono: 3 g<\/li>\n<li>Az\u00facares: 1 g<\/li>\n<li>Prote\u00ednas: 12 g<\/li>\n<li>Sal: 1.3 g<\/li>\n<\/ul>\n<\/li>\n<li><strong>Al\u00e9rgenos<\/strong>: Puede contener trazas de gluten y soja.<\/li>\n<li>Origen Espa\u00f1a<\/li>\n<\/ul>\n","protected":false},"excerpt":{"rendered":"<p>LATA CALLOS 415GR Ingredientes: Tripa de ternera, morro de cerdo, chorizo, morcilla, tomate, cebolla, ajo, piment\u00f3n, agua, sal, especias. Informaci\u00f3n nutricional\u00a0(por 100 g): Energ\u00eda: 164 kcal Grasas: 11 g Hidratos de carbono: 3 g Az\u00facares: 1 g Prote\u00ednas: 12 g Sal: 1.3 g Al\u00e9rgenos: Puede contener trazas de gluten y soja. Origen Espa\u00f1a<\/p>\n","protected":false},"featured_media":247054,"comment_status":"closed","ping_status":"closed","template":"","meta":[],"product_brand":[],"product_cat":[69],"product_tag":[],"class_list":{"0":"post-248289","1":"product","2":"type-product","3":"status-publish","4":"has-post-thumbnail","6":"product_cat-conservas","8":"first","9":"instock","10":"shipping-taxable","11":"purchasable","12":"product-type-simple"},"_links":{"self":[{"href":"https:\/\/mentta.fastdelivery.es\/index.php\/wp-json\/wp\/v2\/product\/248289","targetHints":{"allow":["GET"]}}],"collection":[{"href":"https:\/\/mentta.fastdelivery.es\/index.php\/wp-json\/wp\/v2\/product"}],"about":[{"href":"https:\/\/mentta.fastdelivery.es\/index.php\/wp-json\/wp\/v2\/types\/product"}],"replies":[{"embeddable":true,"href":"https:\/\/mentta.fastdelivery.es\/index.php\/wp-json\/wp\/v2\/comments?post=248289"}],"wp:featuredmedia":[{"embeddable":true,"href":"https:\/\/mentta.fastdelivery.es\/index.php\/wp-json\/wp\/v2\/media\/247054"}],"wp:attachment":[{"href":"https:\/\/mentta.fastdelivery.es\/index.php\/wp-json\/wp\/v2\/media?parent=248289"}],"wp:term":[{"taxonomy":"product_brand","embeddable":true,"href":"https:\/\/mentta.fastdelivery.es\/index.php\/wp-json\/wp\/v2\/product_brand?post=248289"},{"taxonomy":"product_cat","embeddable":true,"href":"https:\/\/mentta.fastdelivery.es\/index.php\/wp-json\/wp\/v2\/product_cat?post=248289"},{"taxonomy":"product_tag","embeddable":true,"href":"https:\/\/mentta.fastdelivery.es\/index.php\/wp-json\/wp\/v2\/product_tag?post=248289"}],"curies":[{"name":"wp","href":"https:\/\/api.w.org\/{rel}","templated":true}]}}