{"id":248291,"date":"2024-07-04T09:10:50","date_gmt":"2024-07-04T07:10:50","guid":{"rendered":"https:\/\/mentta.fastdelivery.es\/?post_type=product&#038;p=248291"},"modified":"2026-03-10T17:16:27","modified_gmt":"2026-03-10T16:16:27","slug":"caldo-de-carne-casero-gallina-blanca-1l","status":"publish","type":"product","link":"https:\/\/mentta.fastdelivery.es\/index.php\/producto\/caldo-de-carne-casero-gallina-blanca-1l\/","title":{"rendered":"Caldo de Carne casero Gallina Blanca 1L"},"content":{"rendered":"<h3><strong>CALDO DE CARNE GALLINA BLANCA 1L<\/strong><\/h3>\n<ul>\n<li><strong>Ingredientes<\/strong>: Agua, carne de vacuno (14%), huesos de vacuno (8%), sal, cebolla, zanahoria, puerro, apio, aceite de oliva (0.2%), extracto de levadura.<\/li>\n<li><strong>Informaci\u00f3n nutricional<\/strong>\u00a0(por 100 ml):\n<ul>\n<li>Energ\u00eda: 5 kcal<\/li>\n<li>Grasas: 0.2 g<\/li>\n<li>Hidratos de carbono: 0.3 g<\/li>\n<li>Az\u00facares: 0.1 g<\/li>\n<li>Prote\u00ednas: 0.7 g<\/li>\n<li>Sal: 0.9 g<\/li>\n<\/ul>\n<\/li>\n<li><strong>Al\u00e9rgenos<\/strong>: Contiene apio. Puede contener trazas de gluten y huevo.<\/li>\n<li>Origen Espa\u00f1a<\/li>\n<\/ul>\n<p><strong>\u00a0<\/strong><\/p>\n","protected":false},"excerpt":{"rendered":"<p>CALDO DE CARNE GALLINA BLANCA 1L Ingredientes: Agua, carne de vacuno (14%), huesos de vacuno (8%), sal, cebolla, zanahoria, puerro, apio, aceite de oliva (0.2%), extracto de levadura. Informaci\u00f3n nutricional\u00a0(por 100 ml): Energ\u00eda: 5 kcal Grasas: 0.2 g Hidratos de carbono: 0.3 g Az\u00facares: 0.1 g Prote\u00ednas: 0.7 g Sal: 0.9 g Al\u00e9rgenos: Contiene apio. [&hellip;]<\/p>\n","protected":false},"featured_media":247058,"comment_status":"closed","ping_status":"closed","template":"","meta":[],"product_brand":[],"product_cat":[69],"product_tag":[],"class_list":{"0":"post-248291","1":"product","2":"type-product","3":"status-publish","4":"has-post-thumbnail","6":"product_cat-conservas","8":"first","9":"instock","10":"shipping-taxable","11":"purchasable","12":"product-type-simple"},"_links":{"self":[{"href":"https:\/\/mentta.fastdelivery.es\/index.php\/wp-json\/wp\/v2\/product\/248291","targetHints":{"allow":["GET"]}}],"collection":[{"href":"https:\/\/mentta.fastdelivery.es\/index.php\/wp-json\/wp\/v2\/product"}],"about":[{"href":"https:\/\/mentta.fastdelivery.es\/index.php\/wp-json\/wp\/v2\/types\/product"}],"replies":[{"embeddable":true,"href":"https:\/\/mentta.fastdelivery.es\/index.php\/wp-json\/wp\/v2\/comments?post=248291"}],"wp:featuredmedia":[{"embeddable":true,"href":"https:\/\/mentta.fastdelivery.es\/index.php\/wp-json\/wp\/v2\/media\/247058"}],"wp:attachment":[{"href":"https:\/\/mentta.fastdelivery.es\/index.php\/wp-json\/wp\/v2\/media?parent=248291"}],"wp:term":[{"taxonomy":"product_brand","embeddable":true,"href":"https:\/\/mentta.fastdelivery.es\/index.php\/wp-json\/wp\/v2\/product_brand?post=248291"},{"taxonomy":"product_cat","embeddable":true,"href":"https:\/\/mentta.fastdelivery.es\/index.php\/wp-json\/wp\/v2\/product_cat?post=248291"},{"taxonomy":"product_tag","embeddable":true,"href":"https:\/\/mentta.fastdelivery.es\/index.php\/wp-json\/wp\/v2\/product_tag?post=248291"}],"curies":[{"name":"wp","href":"https:\/\/api.w.org\/{rel}","templated":true}]}}