{"id":248296,"date":"2024-07-04T09:23:12","date_gmt":"2024-07-04T07:23:12","guid":{"rendered":"https:\/\/mentta.fastdelivery.es\/?post_type=product&#038;p=248296"},"modified":"2026-03-10T17:16:27","modified_gmt":"2026-03-10T16:16:27","slug":"fumet-de-pescado-de-roca-y-marisco-gallina-blanca-pack-2-envases-1l","status":"publish","type":"product","link":"https:\/\/mentta.fastdelivery.es\/index.php\/producto\/fumet-de-pescado-de-roca-y-marisco-gallina-blanca-pack-2-envases-1l\/","title":{"rendered":"Fumet de Pescado de Roca y Marisco Gallina Blanca Pack 2 envases 1L"},"content":{"rendered":"<h3><strong>FUMET DE PESCADO DE ROCA GALLINA BLANCA 1L (PACK DE 2)<\/strong><\/h3>\n<ul>\n<li><strong>Ingredientes<\/strong>: Agua, pescado de roca (14%), mariscos (gamba, cangrejo) (5%), sal, cebolla, zanahoria, puerro, aceite de oliva (0.2%), extracto de levadura.<\/li>\n<li><strong>Informaci\u00f3n nutricional<\/strong>\u00a0(por 100 ml):\n<ul>\n<li>Energ\u00eda: 7 kcal<\/li>\n<li>Grasas: 0.4 g<\/li>\n<li>Hidratos de carbono: 0.3 g<\/li>\n<li>Az\u00facares: 0.1 g<\/li>\n<li>Prote\u00ednas: 1.0 g<\/li>\n<li>Sal: 0.9 g<\/li>\n<\/ul>\n<\/li>\n<li><strong>Al\u00e9rgenos<\/strong>: Contiene pescado y mariscos. Puede contener trazas de gluten y huevo.<\/li>\n<li>Origen Espa\u00f1a<\/li>\n<\/ul>\n","protected":false},"excerpt":{"rendered":"<p>FUMET DE PESCADO DE ROCA GALLINA BLANCA 1L (PACK DE 2) Ingredientes: Agua, pescado de roca (14%), mariscos (gamba, cangrejo) (5%), sal, cebolla, zanahoria, puerro, aceite de oliva (0.2%), extracto de levadura. Informaci\u00f3n nutricional\u00a0(por 100 ml): Energ\u00eda: 7 kcal Grasas: 0.4 g Hidratos de carbono: 0.3 g Az\u00facares: 0.1 g Prote\u00ednas: 1.0 g Sal: 0.9 [&hellip;]<\/p>\n","protected":false},"featured_media":247064,"comment_status":"closed","ping_status":"closed","template":"","meta":[],"product_brand":[],"product_cat":[69],"product_tag":[],"class_list":{"0":"post-248296","1":"product","2":"type-product","3":"status-publish","4":"has-post-thumbnail","6":"product_cat-conservas","8":"first","9":"instock","10":"shipping-taxable","11":"purchasable","12":"product-type-simple"},"_links":{"self":[{"href":"https:\/\/mentta.fastdelivery.es\/index.php\/wp-json\/wp\/v2\/product\/248296","targetHints":{"allow":["GET"]}}],"collection":[{"href":"https:\/\/mentta.fastdelivery.es\/index.php\/wp-json\/wp\/v2\/product"}],"about":[{"href":"https:\/\/mentta.fastdelivery.es\/index.php\/wp-json\/wp\/v2\/types\/product"}],"replies":[{"embeddable":true,"href":"https:\/\/mentta.fastdelivery.es\/index.php\/wp-json\/wp\/v2\/comments?post=248296"}],"wp:featuredmedia":[{"embeddable":true,"href":"https:\/\/mentta.fastdelivery.es\/index.php\/wp-json\/wp\/v2\/media\/247064"}],"wp:attachment":[{"href":"https:\/\/mentta.fastdelivery.es\/index.php\/wp-json\/wp\/v2\/media?parent=248296"}],"wp:term":[{"taxonomy":"product_brand","embeddable":true,"href":"https:\/\/mentta.fastdelivery.es\/index.php\/wp-json\/wp\/v2\/product_brand?post=248296"},{"taxonomy":"product_cat","embeddable":true,"href":"https:\/\/mentta.fastdelivery.es\/index.php\/wp-json\/wp\/v2\/product_cat?post=248296"},{"taxonomy":"product_tag","embeddable":true,"href":"https:\/\/mentta.fastdelivery.es\/index.php\/wp-json\/wp\/v2\/product_tag?post=248296"}],"curies":[{"name":"wp","href":"https:\/\/api.w.org\/{rel}","templated":true}]}}