{"id":248302,"date":"2024-07-04T09:38:56","date_gmt":"2024-07-04T07:38:56","guid":{"rendered":"https:\/\/mentta.fastdelivery.es\/?post_type=product&#038;p=248302"},"modified":"2026-03-10T17:16:27","modified_gmt":"2026-03-10T16:16:27","slug":"ligeresa-mayonesa-frasco-425-ml","status":"publish","type":"product","link":"https:\/\/mentta.fastdelivery.es\/index.php\/producto\/ligeresa-mayonesa-frasco-425-ml\/","title":{"rendered":"Ligeresa mayonesa frasco 425 ml"},"content":{"rendered":"<p>Disfruta de esta riqu\u00edsima salsa en tarro Ligeresa elaborada con ingredientes de gran calidad<\/p>\n<h3><strong>MAHONESA LIGERESA ORIGINAL 425GR<\/strong><\/h3>\n<ul>\n<li><strong>Ingredientes<\/strong>: Agua, aceite de girasol (30%), almid\u00f3n modificado, yema de huevo, vinagre, az\u00facar, sal, estabilizante (goma xantana), conservador (sorbato pot\u00e1sico), colorante (E160a), aroma.<\/li>\n<li><strong>Informaci\u00f3n nutricional<\/strong>\u00a0(por 100 g):\n<ul>\n<li>Energ\u00eda: 266 kcal<\/li>\n<li>Grasas: 24 g<\/li>\n<li>Hidratos de carbono: 9 g<\/li>\n<li>Az\u00facares: 2.8 g<\/li>\n<li>Prote\u00ednas: 0.7 g<\/li>\n<li>Sal: 1.0 g<\/li>\n<\/ul>\n<\/li>\n<li><strong>Al\u00e9rgenos<\/strong>: Contiene huevo.<\/li>\n<li>Origen Espa\u00f1a<\/li>\n<\/ul>\n","protected":false},"excerpt":{"rendered":"<p>Disfruta de esta riqu\u00edsima salsa en tarro Ligeresa elaborada con ingredientes de gran calidad MAHONESA LIGERESA ORIGINAL 425GR Ingredientes: Agua, aceite de girasol (30%), almid\u00f3n modificado, yema de huevo, vinagre, az\u00facar, sal, estabilizante (goma xantana), conservador (sorbato pot\u00e1sico), colorante (E160a), aroma. Informaci\u00f3n nutricional\u00a0(por 100 g): Energ\u00eda: 266 kcal Grasas: 24 g Hidratos de carbono: 9 [&hellip;]<\/p>\n","protected":false},"featured_media":248303,"comment_status":"closed","ping_status":"closed","template":"","meta":[],"product_brand":[],"product_cat":[69],"product_tag":[],"class_list":{"0":"post-248302","1":"product","2":"type-product","3":"status-publish","4":"has-post-thumbnail","6":"product_cat-conservas","8":"first","9":"instock","10":"shipping-taxable","11":"purchasable","12":"product-type-simple"},"_links":{"self":[{"href":"https:\/\/mentta.fastdelivery.es\/index.php\/wp-json\/wp\/v2\/product\/248302","targetHints":{"allow":["GET"]}}],"collection":[{"href":"https:\/\/mentta.fastdelivery.es\/index.php\/wp-json\/wp\/v2\/product"}],"about":[{"href":"https:\/\/mentta.fastdelivery.es\/index.php\/wp-json\/wp\/v2\/types\/product"}],"replies":[{"embeddable":true,"href":"https:\/\/mentta.fastdelivery.es\/index.php\/wp-json\/wp\/v2\/comments?post=248302"}],"wp:featuredmedia":[{"embeddable":true,"href":"https:\/\/mentta.fastdelivery.es\/index.php\/wp-json\/wp\/v2\/media\/248303"}],"wp:attachment":[{"href":"https:\/\/mentta.fastdelivery.es\/index.php\/wp-json\/wp\/v2\/media?parent=248302"}],"wp:term":[{"taxonomy":"product_brand","embeddable":true,"href":"https:\/\/mentta.fastdelivery.es\/index.php\/wp-json\/wp\/v2\/product_brand?post=248302"},{"taxonomy":"product_cat","embeddable":true,"href":"https:\/\/mentta.fastdelivery.es\/index.php\/wp-json\/wp\/v2\/product_cat?post=248302"},{"taxonomy":"product_tag","embeddable":true,"href":"https:\/\/mentta.fastdelivery.es\/index.php\/wp-json\/wp\/v2\/product_tag?post=248302"}],"curies":[{"name":"wp","href":"https:\/\/api.w.org\/{rel}","templated":true}]}}