{"id":248304,"date":"2024-07-04T09:42:18","date_gmt":"2024-07-04T07:42:18","guid":{"rendered":"https:\/\/mentta.fastdelivery.es\/?post_type=product&#038;p=248304"},"modified":"2026-03-10T17:16:27","modified_gmt":"2026-03-10T16:16:27","slug":"calve-mayonesa-sabor-casero-frasco-430-ml","status":"publish","type":"product","link":"https:\/\/mentta.fastdelivery.es\/index.php\/producto\/calve-mayonesa-sabor-casero-frasco-430-ml\/","title":{"rendered":"Calv\u00e9 Mayonesa sabor casero frasco 430 ml"},"content":{"rendered":"<h3><strong>MAHONESA CALV\u00c9 ORIGINAL SABOR CASERO 430GR<\/strong><\/h3>\n<ul>\n<li><strong>Ingredientes<\/strong>: Aceite de girasol (78%), yema de huevo pasteurizada (6%), vinagre, agua, az\u00facar, sal, aromas, conservador (E202), colorante (E160a), antioxidante (E385).<\/li>\n<li><strong>Informaci\u00f3n nutricional<\/strong>\u00a0(por 100 g):\n<ul>\n<li>Energ\u00eda: 720 kcal<\/li>\n<li>Grasas: 79 g<\/li>\n<li>Hidratos de carbono: 1.2 g<\/li>\n<li>Az\u00facares: 0.6 g<\/li>\n<li>Prote\u00ednas: 1.4 g<\/li>\n<li>Sal: 1.1 g<\/li>\n<\/ul>\n<\/li>\n<li><strong>Al\u00e9rgenos<\/strong>: Contiene huevo y puede contener trazas de mostaza.<\/li>\n<li>Origen Espa\u00f1a<\/li>\n<\/ul>\n","protected":false},"excerpt":{"rendered":"<p>MAHONESA CALV\u00c9 ORIGINAL SABOR CASERO 430GR Ingredientes: Aceite de girasol (78%), yema de huevo pasteurizada (6%), vinagre, agua, az\u00facar, sal, aromas, conservador (E202), colorante (E160a), antioxidante (E385). Informaci\u00f3n nutricional\u00a0(por 100 g): Energ\u00eda: 720 kcal Grasas: 79 g Hidratos de carbono: 1.2 g Az\u00facares: 0.6 g Prote\u00ednas: 1.4 g Sal: 1.1 g Al\u00e9rgenos: Contiene huevo y [&hellip;]<\/p>\n","protected":false},"featured_media":247072,"comment_status":"closed","ping_status":"closed","template":"","meta":[],"product_brand":[],"product_cat":[69],"product_tag":[],"class_list":{"0":"post-248304","1":"product","2":"type-product","3":"status-publish","4":"has-post-thumbnail","6":"product_cat-conservas","8":"first","9":"instock","10":"shipping-taxable","11":"purchasable","12":"product-type-simple"},"_links":{"self":[{"href":"https:\/\/mentta.fastdelivery.es\/index.php\/wp-json\/wp\/v2\/product\/248304","targetHints":{"allow":["GET"]}}],"collection":[{"href":"https:\/\/mentta.fastdelivery.es\/index.php\/wp-json\/wp\/v2\/product"}],"about":[{"href":"https:\/\/mentta.fastdelivery.es\/index.php\/wp-json\/wp\/v2\/types\/product"}],"replies":[{"embeddable":true,"href":"https:\/\/mentta.fastdelivery.es\/index.php\/wp-json\/wp\/v2\/comments?post=248304"}],"wp:featuredmedia":[{"embeddable":true,"href":"https:\/\/mentta.fastdelivery.es\/index.php\/wp-json\/wp\/v2\/media\/247072"}],"wp:attachment":[{"href":"https:\/\/mentta.fastdelivery.es\/index.php\/wp-json\/wp\/v2\/media?parent=248304"}],"wp:term":[{"taxonomy":"product_brand","embeddable":true,"href":"https:\/\/mentta.fastdelivery.es\/index.php\/wp-json\/wp\/v2\/product_brand?post=248304"},{"taxonomy":"product_cat","embeddable":true,"href":"https:\/\/mentta.fastdelivery.es\/index.php\/wp-json\/wp\/v2\/product_cat?post=248304"},{"taxonomy":"product_tag","embeddable":true,"href":"https:\/\/mentta.fastdelivery.es\/index.php\/wp-json\/wp\/v2\/product_tag?post=248304"}],"curies":[{"name":"wp","href":"https:\/\/api.w.org\/{rel}","templated":true}]}}