{"id":248309,"date":"2024-07-04T09:53:42","date_gmt":"2024-07-04T07:53:42","guid":{"rendered":"https:\/\/mentta.fastdelivery.es\/?post_type=product&#038;p=248309"},"modified":"2026-03-10T17:16:27","modified_gmt":"2026-03-10T16:16:27","slug":"arroz-bomba-calasparra-1kg","status":"publish","type":"product","link":"https:\/\/mentta.fastdelivery.es\/index.php\/producto\/arroz-bomba-calasparra-1kg\/","title":{"rendered":"Arroz bomba Calasparra  1kg"},"content":{"rendered":"<h4><strong>El arroz Bomba de Calasparra mantiene su Denominaci\u00f3n de Origen.<\/strong><\/h4>\n<p>El arroz Bomba de Calasparra es uno de los arroces con denominaci\u00f3n de origen en Espa\u00f1a. Este arroz nace de una historia y t\u00e9cnicas artesanales de los agricultores arroceros murcianos.<\/p>\n<h3><strong>ARROZ CALASPARRA 1 KG<\/strong><\/h3>\n<ul>\n<li><strong>Ingredientes<\/strong>: Arroz.<\/li>\n<li><strong>Informaci\u00f3n nutricional<\/strong>\u00a0(por 100 g):\n<ul>\n<li>Energ\u00eda: 347 kcal<\/li>\n<li>Grasas: 0.6 g<\/li>\n<li>Hidratos de carbono: 77 g<\/li>\n<li>Az\u00facares: 0 g<\/li>\n<li>Prote\u00ednas: 6.6 g<\/li>\n<li>Sal: 0 g<\/li>\n<\/ul>\n<\/li>\n<li><strong>Al\u00e9rgenos<\/strong>: No contiene al\u00e9rgenos.<\/li>\n<\/ul>\n","protected":false},"excerpt":{"rendered":"<p>El arroz Bomba de Calasparra mantiene su Denominaci\u00f3n de Origen. El arroz Bomba de Calasparra es uno de los arroces con denominaci\u00f3n de origen en Espa\u00f1a. Este arroz nace de una historia y t\u00e9cnicas artesanales de los agricultores arroceros murcianos. ARROZ CALASPARRA 1 KG Ingredientes: Arroz. Informaci\u00f3n nutricional\u00a0(por 100 g): Energ\u00eda: 347 kcal Grasas: 0.6 [&hellip;]<\/p>\n","protected":false},"featured_media":249212,"comment_status":"closed","ping_status":"closed","template":"","meta":[],"product_brand":[],"product_cat":[69,74],"product_tag":[],"class_list":{"0":"post-248309","1":"product","2":"type-product","3":"status-publish","4":"has-post-thumbnail","6":"product_cat-conservas","7":"product_cat-pastas-y-arroces","9":"first","10":"instock","11":"shipping-taxable","12":"purchasable","13":"product-type-simple"},"_links":{"self":[{"href":"https:\/\/mentta.fastdelivery.es\/index.php\/wp-json\/wp\/v2\/product\/248309","targetHints":{"allow":["GET"]}}],"collection":[{"href":"https:\/\/mentta.fastdelivery.es\/index.php\/wp-json\/wp\/v2\/product"}],"about":[{"href":"https:\/\/mentta.fastdelivery.es\/index.php\/wp-json\/wp\/v2\/types\/product"}],"replies":[{"embeddable":true,"href":"https:\/\/mentta.fastdelivery.es\/index.php\/wp-json\/wp\/v2\/comments?post=248309"}],"wp:featuredmedia":[{"embeddable":true,"href":"https:\/\/mentta.fastdelivery.es\/index.php\/wp-json\/wp\/v2\/media\/249212"}],"wp:attachment":[{"href":"https:\/\/mentta.fastdelivery.es\/index.php\/wp-json\/wp\/v2\/media?parent=248309"}],"wp:term":[{"taxonomy":"product_brand","embeddable":true,"href":"https:\/\/mentta.fastdelivery.es\/index.php\/wp-json\/wp\/v2\/product_brand?post=248309"},{"taxonomy":"product_cat","embeddable":true,"href":"https:\/\/mentta.fastdelivery.es\/index.php\/wp-json\/wp\/v2\/product_cat?post=248309"},{"taxonomy":"product_tag","embeddable":true,"href":"https:\/\/mentta.fastdelivery.es\/index.php\/wp-json\/wp\/v2\/product_tag?post=248309"}],"curies":[{"name":"wp","href":"https:\/\/api.w.org\/{rel}","templated":true}]}}