{"id":248311,"date":"2024-07-04T09:57:34","date_gmt":"2024-07-04T07:57:34","guid":{"rendered":"https:\/\/mentta.fastdelivery.es\/?post_type=product&#038;p=248311"},"modified":"2026-03-10T17:16:27","modified_gmt":"2026-03-10T16:16:27","slug":"arroz-bomba-la-fallera-1kg","status":"publish","type":"product","link":"https:\/\/mentta.fastdelivery.es\/index.php\/producto\/arroz-bomba-la-fallera-1kg\/","title":{"rendered":"Arroz bomba La Fallera 1kg"},"content":{"rendered":"<p>El arroz bomba de<strong> La Fallera<\/strong> el arroz redondo blanco que es adecuado para la mayor\u00eda de las preparaciones. Es f\u00e1cil de preparar y es apto en especial para recetas mediterr\u00e1neas. Es un producto ideal para toda la familia.<\/p>\n<h3><strong>ARROZ BOMBA LA FALLERA 1KG<\/strong><\/h3>\n<ul>\n<li><strong>Ingredientes<\/strong>: Arroz bomba.<\/li>\n<li><strong>Informaci\u00f3n nutricional<\/strong>\u00a0(por 100 g):\n<ul>\n<li>Energ\u00eda: 347 kcal<\/li>\n<li>Grasas: 0.6 g<\/li>\n<li>Hidratos de carbono: 77 g<\/li>\n<li>Az\u00facares: 0 g<\/li>\n<li>Prote\u00ednas: 6.5 g<\/li>\n<li>Sal: 0 g<\/li>\n<\/ul>\n<\/li>\n<li><strong>Al\u00e9rgenos<\/strong>: No contiene al\u00e9rgenos.<\/li>\n<li>Origen Espa\u00f1a<\/li>\n<\/ul>\n","protected":false},"excerpt":{"rendered":"<p>El arroz bomba de La Fallera el arroz redondo blanco que es adecuado para la mayor\u00eda de las preparaciones. Es f\u00e1cil de preparar y es apto en especial para recetas mediterr\u00e1neas. Es un producto ideal para toda la familia. ARROZ BOMBA LA FALLERA 1KG Ingredientes: Arroz bomba. Informaci\u00f3n nutricional\u00a0(por 100 g): Energ\u00eda: 347 kcal Grasas: [&hellip;]<\/p>\n","protected":false},"featured_media":247082,"comment_status":"closed","ping_status":"closed","template":"","meta":[],"product_brand":[],"product_cat":[69,74],"product_tag":[],"class_list":{"0":"post-248311","1":"product","2":"type-product","3":"status-publish","4":"has-post-thumbnail","6":"product_cat-conservas","7":"product_cat-pastas-y-arroces","9":"first","10":"instock","11":"shipping-taxable","12":"purchasable","13":"product-type-simple"},"_links":{"self":[{"href":"https:\/\/mentta.fastdelivery.es\/index.php\/wp-json\/wp\/v2\/product\/248311","targetHints":{"allow":["GET"]}}],"collection":[{"href":"https:\/\/mentta.fastdelivery.es\/index.php\/wp-json\/wp\/v2\/product"}],"about":[{"href":"https:\/\/mentta.fastdelivery.es\/index.php\/wp-json\/wp\/v2\/types\/product"}],"replies":[{"embeddable":true,"href":"https:\/\/mentta.fastdelivery.es\/index.php\/wp-json\/wp\/v2\/comments?post=248311"}],"wp:featuredmedia":[{"embeddable":true,"href":"https:\/\/mentta.fastdelivery.es\/index.php\/wp-json\/wp\/v2\/media\/247082"}],"wp:attachment":[{"href":"https:\/\/mentta.fastdelivery.es\/index.php\/wp-json\/wp\/v2\/media?parent=248311"}],"wp:term":[{"taxonomy":"product_brand","embeddable":true,"href":"https:\/\/mentta.fastdelivery.es\/index.php\/wp-json\/wp\/v2\/product_brand?post=248311"},{"taxonomy":"product_cat","embeddable":true,"href":"https:\/\/mentta.fastdelivery.es\/index.php\/wp-json\/wp\/v2\/product_cat?post=248311"},{"taxonomy":"product_tag","embeddable":true,"href":"https:\/\/mentta.fastdelivery.es\/index.php\/wp-json\/wp\/v2\/product_tag?post=248311"}],"curies":[{"name":"wp","href":"https:\/\/api.w.org\/{rel}","templated":true}]}}