{"id":248314,"date":"2024-07-04T10:21:03","date_gmt":"2024-07-04T08:21:03","guid":{"rendered":"https:\/\/mentta.fastdelivery.es\/?post_type=product&#038;p=248314"},"modified":"2026-03-10T17:16:27","modified_gmt":"2026-03-10T16:16:27","slug":"jamon-iberico-cebo-50-raza-iberica-salamanca-75-9-kg","status":"publish","type":"product","link":"https:\/\/mentta.fastdelivery.es\/index.php\/producto\/jamon-iberico-cebo-50-raza-iberica-salamanca-75-9-kg\/","title":{"rendered":"Jam\u00f3n Ib\u00e9rico Cebo (50% Raza Ib\u00e9rica) Salamanca. 7,5-9 kg"},"content":{"rendered":"<p><strong>Jam\u00f3n Ib\u00e9rico de Cebo 50% Raza Ib\u00e9rica<\/strong>\u00a0de Artesana Jamonera.<\/p>\n<p>De sabor suave y\u00a0lleno de matices debido a la calidad y a su proceso de curaci\u00f3n que lo hace irresistible al paladar. Procedente de\u00a0<strong>cerdos Ib\u00e9ricos<\/strong>\u00a0criados en\u00a0<strong>Salamanca<\/strong>.<\/p>\n<p><strong>50% raza Ib\u00e9rica<\/strong>: Se obtiene de cerdos con un \u00fanico progenitor 100% Ib\u00e9rico.<\/p>\n<p>*Precio por peso aproximado de una pieza de entre 7,5-9 kg.<\/p>\n","protected":false},"excerpt":{"rendered":"<p>Jam\u00f3n Ib\u00e9rico de Cebo 50% Raza Ib\u00e9rica\u00a0de Artesana Jamonera. De sabor suave y\u00a0lleno de matices debido a la calidad y a su proceso de curaci\u00f3n que lo hace irresistible al paladar. Procedente de\u00a0cerdos Ib\u00e9ricos\u00a0criados en\u00a0Salamanca. 50% raza Ib\u00e9rica: Se obtiene de cerdos con un \u00fanico progenitor 100% Ib\u00e9rico. *Precio por peso aproximado de una pieza [&hellip;]<\/p>\n","protected":false},"featured_media":247084,"comment_status":"closed","ping_status":"closed","template":"","meta":[],"product_brand":[],"product_cat":[66],"product_tag":[],"class_list":{"0":"post-248314","1":"product","2":"type-product","3":"status-publish","4":"has-post-thumbnail","6":"product_cat-jamones-y-paletas","8":"first","9":"instock","10":"shipping-taxable","11":"purchasable","12":"product-type-simple"},"_links":{"self":[{"href":"https:\/\/mentta.fastdelivery.es\/index.php\/wp-json\/wp\/v2\/product\/248314","targetHints":{"allow":["GET"]}}],"collection":[{"href":"https:\/\/mentta.fastdelivery.es\/index.php\/wp-json\/wp\/v2\/product"}],"about":[{"href":"https:\/\/mentta.fastdelivery.es\/index.php\/wp-json\/wp\/v2\/types\/product"}],"replies":[{"embeddable":true,"href":"https:\/\/mentta.fastdelivery.es\/index.php\/wp-json\/wp\/v2\/comments?post=248314"}],"wp:featuredmedia":[{"embeddable":true,"href":"https:\/\/mentta.fastdelivery.es\/index.php\/wp-json\/wp\/v2\/media\/247084"}],"wp:attachment":[{"href":"https:\/\/mentta.fastdelivery.es\/index.php\/wp-json\/wp\/v2\/media?parent=248314"}],"wp:term":[{"taxonomy":"product_brand","embeddable":true,"href":"https:\/\/mentta.fastdelivery.es\/index.php\/wp-json\/wp\/v2\/product_brand?post=248314"},{"taxonomy":"product_cat","embeddable":true,"href":"https:\/\/mentta.fastdelivery.es\/index.php\/wp-json\/wp\/v2\/product_cat?post=248314"},{"taxonomy":"product_tag","embeddable":true,"href":"https:\/\/mentta.fastdelivery.es\/index.php\/wp-json\/wp\/v2\/product_tag?post=248314"}],"curies":[{"name":"wp","href":"https:\/\/api.w.org\/{rel}","templated":true}]}}