{"id":248322,"date":"2024-07-04T10:29:08","date_gmt":"2024-07-04T08:29:08","guid":{"rendered":"https:\/\/mentta.fastdelivery.es\/?post_type=product&#038;p=248322"},"modified":"2026-03-10T17:16:27","modified_gmt":"2026-03-10T16:16:27","slug":"jamon-iberico-bellota-75-raza-iberica-d-o-guijuelo-85-10-kg","status":"publish","type":"product","link":"https:\/\/mentta.fastdelivery.es\/index.php\/producto\/jamon-iberico-bellota-75-raza-iberica-d-o-guijuelo-85-10-kg\/","title":{"rendered":"Jam\u00f3n Ib\u00e9rico Bellota (75% raza ib\u00e9rica) D.O Guijuelo. 8,5-10 kg"},"content":{"rendered":"<p>Pieza de\u00a0<strong>Jam\u00f3n Ib\u00e9rico de Bellota 75% Raza Ib\u00e9rica de Origen Guijuelo<\/strong>\u00a0de Artesana Jamonera.<\/p>\n<p>De sabor delicado, aroma fuerte e intenso\u00a0y\u00a0carne poco fibrosa. El\u00a0<strong>jam\u00f3n de Bellota<\/strong>, de\u00a0<strong>cerdos Ib\u00e9ricos<\/strong>\u00a0criados en total libertad en las dehesas alimentado con pastos naturales y bellotas. Es de alt\u00edsima calidad y una delicia para el paladar.<\/p>\n<p><strong>75% raza Ib\u00e9rica<\/strong>: Se obtiene de cerdos con un progenitor 100% Ib\u00e9rico y otro 50% Ib\u00e9rico.<\/p>\n<p>*Precio por peso aproximado de una pieza de entre 8,5-10 kg.<\/p>\n","protected":false},"excerpt":{"rendered":"<p>Pieza de\u00a0Jam\u00f3n Ib\u00e9rico de Bellota 75% Raza Ib\u00e9rica de Origen Guijuelo\u00a0de Artesana Jamonera. De sabor delicado, aroma fuerte e intenso\u00a0y\u00a0carne poco fibrosa. El\u00a0jam\u00f3n de Bellota, de\u00a0cerdos Ib\u00e9ricos\u00a0criados en total libertad en las dehesas alimentado con pastos naturales y bellotas. Es de alt\u00edsima calidad y una delicia para el paladar. 75% raza Ib\u00e9rica: Se obtiene de [&hellip;]<\/p>\n","protected":false},"featured_media":248323,"comment_status":"closed","ping_status":"closed","template":"","meta":[],"product_brand":[],"product_cat":[66],"product_tag":[],"class_list":{"0":"post-248322","1":"product","2":"type-product","3":"status-publish","4":"has-post-thumbnail","6":"product_cat-jamones-y-paletas","8":"first","9":"instock","10":"shipping-taxable","11":"purchasable","12":"product-type-simple"},"_links":{"self":[{"href":"https:\/\/mentta.fastdelivery.es\/index.php\/wp-json\/wp\/v2\/product\/248322","targetHints":{"allow":["GET"]}}],"collection":[{"href":"https:\/\/mentta.fastdelivery.es\/index.php\/wp-json\/wp\/v2\/product"}],"about":[{"href":"https:\/\/mentta.fastdelivery.es\/index.php\/wp-json\/wp\/v2\/types\/product"}],"replies":[{"embeddable":true,"href":"https:\/\/mentta.fastdelivery.es\/index.php\/wp-json\/wp\/v2\/comments?post=248322"}],"wp:featuredmedia":[{"embeddable":true,"href":"https:\/\/mentta.fastdelivery.es\/index.php\/wp-json\/wp\/v2\/media\/248323"}],"wp:attachment":[{"href":"https:\/\/mentta.fastdelivery.es\/index.php\/wp-json\/wp\/v2\/media?parent=248322"}],"wp:term":[{"taxonomy":"product_brand","embeddable":true,"href":"https:\/\/mentta.fastdelivery.es\/index.php\/wp-json\/wp\/v2\/product_brand?post=248322"},{"taxonomy":"product_cat","embeddable":true,"href":"https:\/\/mentta.fastdelivery.es\/index.php\/wp-json\/wp\/v2\/product_cat?post=248322"},{"taxonomy":"product_tag","embeddable":true,"href":"https:\/\/mentta.fastdelivery.es\/index.php\/wp-json\/wp\/v2\/product_tag?post=248322"}],"curies":[{"name":"wp","href":"https:\/\/api.w.org\/{rel}","templated":true}]}}