{"id":248327,"date":"2024-07-04T10:40:10","date_gmt":"2024-07-04T08:40:10","guid":{"rendered":"https:\/\/mentta.fastdelivery.es\/?post_type=product&#038;p=248327"},"modified":"2026-03-10T17:16:27","modified_gmt":"2026-03-10T16:16:27","slug":"lote-jamon-de-cebo-iberico","status":"publish","type":"product","link":"https:\/\/mentta.fastdelivery.es\/index.php\/producto\/lote-jamon-de-cebo-iberico\/","title":{"rendered":"Lote Jam\u00f3n de Cebo Ib\u00e9rico"},"content":{"rendered":"<p>Lote\u00a0<strong>OFERT\u00d3N<\/strong>\u00a0Jam\u00f3n de Cebo Ib\u00e9rico<\/p>\n<p>-1\u00a0<strong>Jam\u00f3n Ib\u00e9rico de Cebo 50% Raza ib\u00e9rica<\/strong>. Origen Salamanca<\/p>\n<p>La Huella de Ib\u00e9rico\u00a0<strong>+36 meses de curaci\u00f3n<\/strong>.<\/p>\n<p>Peso de 7 a 8 kg.<\/p>\n<p>&#8211;\u00a0<strong>Regalo 1 Botella Vino Tinto Rioja<\/strong><\/p>\n<p>&#8211; 1\u00a0<strong>caja de cart\u00f3n decorada<\/strong>.<\/p>\n<p>Debido a la preparaci\u00f3n especial del lote, el\u00a0<strong>tiempo de env\u00edo ser\u00e1 de 48 horas<\/strong>\u00a0(pedidos realizados antes de las 16:00h)<\/p>\n","protected":false},"excerpt":{"rendered":"<p>Lote\u00a0OFERT\u00d3N\u00a0Jam\u00f3n de Cebo Ib\u00e9rico -1\u00a0Jam\u00f3n Ib\u00e9rico de Cebo 50% Raza ib\u00e9rica. Origen Salamanca La Huella de Ib\u00e9rico\u00a0+36 meses de curaci\u00f3n. Peso de 7 a 8 kg. &#8211;\u00a0Regalo 1 Botella Vino Tinto Rioja &#8211; 1\u00a0caja de cart\u00f3n decorada. Debido a la preparaci\u00f3n especial del lote, el\u00a0tiempo de env\u00edo ser\u00e1 de 48 horas\u00a0(pedidos realizados antes de las [&hellip;]<\/p>\n","protected":false},"featured_media":248328,"comment_status":"closed","ping_status":"closed","template":"","meta":[],"product_brand":[],"product_cat":[66],"product_tag":[],"class_list":{"0":"post-248327","1":"product","2":"type-product","3":"status-publish","4":"has-post-thumbnail","6":"product_cat-jamones-y-paletas","8":"first","9":"instock","10":"shipping-taxable","11":"purchasable","12":"product-type-simple"},"_links":{"self":[{"href":"https:\/\/mentta.fastdelivery.es\/index.php\/wp-json\/wp\/v2\/product\/248327","targetHints":{"allow":["GET"]}}],"collection":[{"href":"https:\/\/mentta.fastdelivery.es\/index.php\/wp-json\/wp\/v2\/product"}],"about":[{"href":"https:\/\/mentta.fastdelivery.es\/index.php\/wp-json\/wp\/v2\/types\/product"}],"replies":[{"embeddable":true,"href":"https:\/\/mentta.fastdelivery.es\/index.php\/wp-json\/wp\/v2\/comments?post=248327"}],"wp:featuredmedia":[{"embeddable":true,"href":"https:\/\/mentta.fastdelivery.es\/index.php\/wp-json\/wp\/v2\/media\/248328"}],"wp:attachment":[{"href":"https:\/\/mentta.fastdelivery.es\/index.php\/wp-json\/wp\/v2\/media?parent=248327"}],"wp:term":[{"taxonomy":"product_brand","embeddable":true,"href":"https:\/\/mentta.fastdelivery.es\/index.php\/wp-json\/wp\/v2\/product_brand?post=248327"},{"taxonomy":"product_cat","embeddable":true,"href":"https:\/\/mentta.fastdelivery.es\/index.php\/wp-json\/wp\/v2\/product_cat?post=248327"},{"taxonomy":"product_tag","embeddable":true,"href":"https:\/\/mentta.fastdelivery.es\/index.php\/wp-json\/wp\/v2\/product_tag?post=248327"}],"curies":[{"name":"wp","href":"https:\/\/api.w.org\/{rel}","templated":true}]}}