{"id":248331,"date":"2024-07-04T10:38:00","date_gmt":"2024-07-04T08:38:00","guid":{"rendered":"https:\/\/mentta.fastdelivery.es\/?post_type=product&#038;p=248331"},"modified":"2026-03-10T17:16:27","modified_gmt":"2026-03-10T16:16:27","slug":"jamon-bellota-iberico-50-raza-iberica-100-gr","status":"publish","type":"product","link":"https:\/\/mentta.fastdelivery.es\/index.php\/producto\/jamon-bellota-iberico-50-raza-iberica-100-gr\/","title":{"rendered":"Jam\u00f3n Bellota Ib\u00e9rico (50% Raza ib\u00e9rica) 100 gr"},"content":{"rendered":"<p><strong>Jam\u00f3n<\/strong>\u00a0de\u00a0<strong>Bellota Ib\u00e9rico<\/strong>\u00a0de\u00a0<strong>50% Raza Ib\u00e9rica<\/strong>\u00a0de Artesana Jamonera.<\/p>\n<p>De sabor delicado, aroma fuerte e intenso\u00a0y\u00a0carne poco fibrosa. El jam\u00f3n de Bellota es de alt\u00edsima calidad y una delicia para el paladar.<\/p>\n<p><strong>50% raza Ib\u00e9rica<\/strong>: Se obtiene de cerdos con un \u00fanico progenitor 100% Ib\u00e9rico.<\/p>\n<p>Producto cortado\u00a0por personal profesional.\u00a0Fino y jugoso, listo para consumir en tapa,\u00a0con\u00a0pan, tomate o como picoteo acompa\u00f1ado de un\u00a0vino.<\/p>\n<p>*Precio por peso aproximado del producto 100gr.<\/p>\n<p>*Este producto se presenta en bandeja la vac\u00edo para conservar su frescura.<\/p>\n","protected":false},"excerpt":{"rendered":"<p>Jam\u00f3n\u00a0de\u00a0Bellota Ib\u00e9rico\u00a0de\u00a050% Raza Ib\u00e9rica\u00a0de Artesana Jamonera. De sabor delicado, aroma fuerte e intenso\u00a0y\u00a0carne poco fibrosa. El jam\u00f3n de Bellota es de alt\u00edsima calidad y una delicia para el paladar. 50% raza Ib\u00e9rica: Se obtiene de cerdos con un \u00fanico progenitor 100% Ib\u00e9rico. Producto cortado\u00a0por personal profesional.\u00a0Fino y jugoso, listo para consumir en tapa,\u00a0con\u00a0pan, tomate o [&hellip;]<\/p>\n","protected":false},"featured_media":247106,"comment_status":"closed","ping_status":"closed","template":"","meta":[],"product_brand":[],"product_cat":[66],"product_tag":[],"class_list":{"0":"post-248331","1":"product","2":"type-product","3":"status-publish","4":"has-post-thumbnail","6":"product_cat-jamones-y-paletas","8":"first","9":"instock","10":"shipping-taxable","11":"purchasable","12":"product-type-simple"},"_links":{"self":[{"href":"https:\/\/mentta.fastdelivery.es\/index.php\/wp-json\/wp\/v2\/product\/248331","targetHints":{"allow":["GET"]}}],"collection":[{"href":"https:\/\/mentta.fastdelivery.es\/index.php\/wp-json\/wp\/v2\/product"}],"about":[{"href":"https:\/\/mentta.fastdelivery.es\/index.php\/wp-json\/wp\/v2\/types\/product"}],"replies":[{"embeddable":true,"href":"https:\/\/mentta.fastdelivery.es\/index.php\/wp-json\/wp\/v2\/comments?post=248331"}],"wp:featuredmedia":[{"embeddable":true,"href":"https:\/\/mentta.fastdelivery.es\/index.php\/wp-json\/wp\/v2\/media\/247106"}],"wp:attachment":[{"href":"https:\/\/mentta.fastdelivery.es\/index.php\/wp-json\/wp\/v2\/media?parent=248331"}],"wp:term":[{"taxonomy":"product_brand","embeddable":true,"href":"https:\/\/mentta.fastdelivery.es\/index.php\/wp-json\/wp\/v2\/product_brand?post=248331"},{"taxonomy":"product_cat","embeddable":true,"href":"https:\/\/mentta.fastdelivery.es\/index.php\/wp-json\/wp\/v2\/product_cat?post=248331"},{"taxonomy":"product_tag","embeddable":true,"href":"https:\/\/mentta.fastdelivery.es\/index.php\/wp-json\/wp\/v2\/product_tag?post=248331"}],"curies":[{"name":"wp","href":"https:\/\/api.w.org\/{rel}","templated":true}]}}