{"id":248338,"date":"2024-07-04T10:49:26","date_gmt":"2024-07-04T08:49:26","guid":{"rendered":"https:\/\/mentta.fastdelivery.es\/?post_type=product&#038;p=248338"},"modified":"2026-03-10T17:16:27","modified_gmt":"2026-03-10T16:16:27","slug":"amon-de-bellota-100-iberico-cinco-jotas-8-9-kg","status":"publish","type":"product","link":"https:\/\/mentta.fastdelivery.es\/index.php\/producto\/amon-de-bellota-100-iberico-cinco-jotas-8-9-kg\/","title":{"rendered":"am\u00f3n de Bellota 100% Ib\u00e9rico Cinco Jotas 8-9 Kg"},"content":{"rendered":"<p><strong>Jam\u00f3n de Bellota 100% Ib\u00e9rico Cinco Jotas<\/strong>\u00a08-9 Kg<\/p>\n<p>Cinco Jotas (5J),\u00a0<strong>reconocido internacionalmente como la joya de la gastronom\u00eda espa\u00f1ola.<\/strong><\/p>\n<p>El Jam\u00f3n de Bellota 100% Ib\u00e9rico por excelencia, en formato original y entregado directamente desde las\u00a0bodegas centenarias de Cinco Jotas.<\/p>\n<p>Cada pieza es \u00fanica y responde a las m\u00e1ximas expectativas de sabor, textura y aroma para seducir desde el primer corte a cada uno de tus sentidos.<\/p>\n<p>Crea tu propia obra esculpiendo un aut\u00e9ntico\u00a0<strong>jam\u00f3n Cinco Jotas<\/strong>\u00a0a corte de cuchillo y sorprende a todo el mundo con los matices propios del mejor jam\u00f3n del mundo, reci\u00e9n cortado.<\/p>\n","protected":false},"excerpt":{"rendered":"<p>Jam\u00f3n de Bellota 100% Ib\u00e9rico Cinco Jotas\u00a08-9 Kg Cinco Jotas (5J),\u00a0reconocido internacionalmente como la joya de la gastronom\u00eda espa\u00f1ola. El Jam\u00f3n de Bellota 100% Ib\u00e9rico por excelencia, en formato original y entregado directamente desde las\u00a0bodegas centenarias de Cinco Jotas. Cada pieza es \u00fanica y responde a las m\u00e1ximas expectativas de sabor, textura y aroma para [&hellip;]<\/p>\n","protected":false},"featured_media":247112,"comment_status":"closed","ping_status":"closed","template":"","meta":[],"product_brand":[],"product_cat":[66],"product_tag":[],"class_list":{"0":"post-248338","1":"product","2":"type-product","3":"status-publish","4":"has-post-thumbnail","6":"product_cat-jamones-y-paletas","8":"first","9":"instock","10":"shipping-taxable","11":"purchasable","12":"product-type-simple"},"_links":{"self":[{"href":"https:\/\/mentta.fastdelivery.es\/index.php\/wp-json\/wp\/v2\/product\/248338","targetHints":{"allow":["GET"]}}],"collection":[{"href":"https:\/\/mentta.fastdelivery.es\/index.php\/wp-json\/wp\/v2\/product"}],"about":[{"href":"https:\/\/mentta.fastdelivery.es\/index.php\/wp-json\/wp\/v2\/types\/product"}],"replies":[{"embeddable":true,"href":"https:\/\/mentta.fastdelivery.es\/index.php\/wp-json\/wp\/v2\/comments?post=248338"}],"wp:featuredmedia":[{"embeddable":true,"href":"https:\/\/mentta.fastdelivery.es\/index.php\/wp-json\/wp\/v2\/media\/247112"}],"wp:attachment":[{"href":"https:\/\/mentta.fastdelivery.es\/index.php\/wp-json\/wp\/v2\/media?parent=248338"}],"wp:term":[{"taxonomy":"product_brand","embeddable":true,"href":"https:\/\/mentta.fastdelivery.es\/index.php\/wp-json\/wp\/v2\/product_brand?post=248338"},{"taxonomy":"product_cat","embeddable":true,"href":"https:\/\/mentta.fastdelivery.es\/index.php\/wp-json\/wp\/v2\/product_cat?post=248338"},{"taxonomy":"product_tag","embeddable":true,"href":"https:\/\/mentta.fastdelivery.es\/index.php\/wp-json\/wp\/v2\/product_tag?post=248338"}],"curies":[{"name":"wp","href":"https:\/\/api.w.org\/{rel}","templated":true}]}}