{"id":248342,"date":"2024-07-04T10:52:38","date_gmt":"2024-07-04T08:52:38","guid":{"rendered":"https:\/\/mentta.fastdelivery.es\/?post_type=product&#038;p=248342"},"modified":"2026-03-10T17:16:27","modified_gmt":"2026-03-10T16:16:27","slug":"paleta-cebo-50-raza-iberica-5-6-kg","status":"publish","type":"product","link":"https:\/\/mentta.fastdelivery.es\/index.php\/producto\/paleta-cebo-50-raza-iberica-5-6-kg\/","title":{"rendered":"Paleta Cebo (50% Raza Ib\u00e9rica) 5-6 kg."},"content":{"rendered":"<p>Pieza de\u00a0<strong>Paleta de Cebo 50% Raza Ib\u00e9rica<\/strong>\u00a0de Artesana Jamonera.<\/p>\n<p>El sabor de la\u00a0<strong>paleta Ib\u00e9rica<\/strong>\u00a0de\u00a0<strong>Cebo<\/strong>\u00a0es\u00a0intenso,\u00a0contiene una proporci\u00f3n superior de grasa dorada y untuosa\u00a0que caracteriza\u00a0a la\u00a0<strong>paleta<\/strong>\u00a0aportando jugosidad. Origen Guijuelo.<\/p>\n<p>Uno de los motivos para elegir\u00a0<strong>paleta de Cebo<\/strong>\u00a0es que cumple casi los mismos requisitos que el jam\u00f3n de Cebo\u00a0pero que, al tratarse de piezas m\u00e1s peque\u00f1as, necesitan tiempos de curaci\u00f3n m\u00e1s reducidos y de esta manera se puede obtener una\u00a0<strong>paleta Ib\u00e9rica<\/strong>\u00a0de enorme calidad y de mejor precio.<\/p>\n<p><strong>50% raza Ib\u00e9rica<\/strong>: Se obtiene de cerdos con un \u00fanico progenitor 100% Ib\u00e9rico.<\/p>\n<p>*Precio por peso aproximado por una pieza de entre 5-6\u00a0kg.<\/p>\n","protected":false},"excerpt":{"rendered":"<p>Pieza de\u00a0Paleta de Cebo 50% Raza Ib\u00e9rica\u00a0de Artesana Jamonera. El sabor de la\u00a0paleta Ib\u00e9rica\u00a0de\u00a0Cebo\u00a0es\u00a0intenso,\u00a0contiene una proporci\u00f3n superior de grasa dorada y untuosa\u00a0que caracteriza\u00a0a la\u00a0paleta\u00a0aportando jugosidad. Origen Guijuelo. Uno de los motivos para elegir\u00a0paleta de Cebo\u00a0es que cumple casi los mismos requisitos que el jam\u00f3n de Cebo\u00a0pero que, al tratarse de piezas m\u00e1s peque\u00f1as, necesitan tiempos [&hellip;]<\/p>\n","protected":false},"featured_media":247110,"comment_status":"closed","ping_status":"closed","template":"","meta":[],"product_brand":[],"product_cat":[66],"product_tag":[],"class_list":{"0":"post-248342","1":"product","2":"type-product","3":"status-publish","4":"has-post-thumbnail","6":"product_cat-jamones-y-paletas","8":"first","9":"instock","10":"shipping-taxable","11":"purchasable","12":"product-type-simple"},"_links":{"self":[{"href":"https:\/\/mentta.fastdelivery.es\/index.php\/wp-json\/wp\/v2\/product\/248342","targetHints":{"allow":["GET"]}}],"collection":[{"href":"https:\/\/mentta.fastdelivery.es\/index.php\/wp-json\/wp\/v2\/product"}],"about":[{"href":"https:\/\/mentta.fastdelivery.es\/index.php\/wp-json\/wp\/v2\/types\/product"}],"replies":[{"embeddable":true,"href":"https:\/\/mentta.fastdelivery.es\/index.php\/wp-json\/wp\/v2\/comments?post=248342"}],"wp:featuredmedia":[{"embeddable":true,"href":"https:\/\/mentta.fastdelivery.es\/index.php\/wp-json\/wp\/v2\/media\/247110"}],"wp:attachment":[{"href":"https:\/\/mentta.fastdelivery.es\/index.php\/wp-json\/wp\/v2\/media?parent=248342"}],"wp:term":[{"taxonomy":"product_brand","embeddable":true,"href":"https:\/\/mentta.fastdelivery.es\/index.php\/wp-json\/wp\/v2\/product_brand?post=248342"},{"taxonomy":"product_cat","embeddable":true,"href":"https:\/\/mentta.fastdelivery.es\/index.php\/wp-json\/wp\/v2\/product_cat?post=248342"},{"taxonomy":"product_tag","embeddable":true,"href":"https:\/\/mentta.fastdelivery.es\/index.php\/wp-json\/wp\/v2\/product_tag?post=248342"}],"curies":[{"name":"wp","href":"https:\/\/api.w.org\/{rel}","templated":true}]}}