{"id":248351,"date":"2024-07-04T11:42:35","date_gmt":"2024-07-04T09:42:35","guid":{"rendered":"https:\/\/mentta.fastdelivery.es\/?post_type=product&#038;p=248351"},"modified":"2026-03-10T17:16:27","modified_gmt":"2026-03-10T16:16:27","slug":"bote-jengibre-molido","status":"publish","type":"product","link":"https:\/\/mentta.fastdelivery.es\/index.php\/producto\/bote-jengibre-molido\/","title":{"rendered":"Bote Jengibre Molido"},"content":{"rendered":"<p>Ra\u00edz desecada de una planta de la especie Zingiberofficinale.<\/p>\n<p>Para conseguir una textura en polvo, esta ra\u00edz se muele.<\/p>\n<p>Tiene un sabor punzante y ligeramente dulz\u00f3n.<\/p>\n<p>Se utiliza en estofados de pollo, pudines, alb\u00f3ndigas, sopa de pescado, tartas y pasteler\u00eda en general.<\/p>\n<p>&nbsp;<\/p>\n","protected":false},"excerpt":{"rendered":"<p>Ra\u00edz desecada de una planta de la especie Zingiberofficinale. Para conseguir una textura en polvo, esta ra\u00edz se muele. Tiene un sabor punzante y ligeramente dulz\u00f3n. Se utiliza en estofados de pollo, pudines, alb\u00f3ndigas, sopa de pescado, tartas y pasteler\u00eda en general. &nbsp;<\/p>\n","protected":false},"featured_media":247129,"comment_status":"closed","ping_status":"closed","template":"","meta":[],"product_brand":[],"product_cat":[63],"product_tag":[],"class_list":{"0":"post-248351","1":"product","2":"type-product","3":"status-publish","4":"has-post-thumbnail","6":"product_cat-especias-y-condimentos","8":"first","9":"instock","10":"shipping-taxable","11":"purchasable","12":"product-type-simple"},"_links":{"self":[{"href":"https:\/\/mentta.fastdelivery.es\/index.php\/wp-json\/wp\/v2\/product\/248351","targetHints":{"allow":["GET"]}}],"collection":[{"href":"https:\/\/mentta.fastdelivery.es\/index.php\/wp-json\/wp\/v2\/product"}],"about":[{"href":"https:\/\/mentta.fastdelivery.es\/index.php\/wp-json\/wp\/v2\/types\/product"}],"replies":[{"embeddable":true,"href":"https:\/\/mentta.fastdelivery.es\/index.php\/wp-json\/wp\/v2\/comments?post=248351"}],"wp:featuredmedia":[{"embeddable":true,"href":"https:\/\/mentta.fastdelivery.es\/index.php\/wp-json\/wp\/v2\/media\/247129"}],"wp:attachment":[{"href":"https:\/\/mentta.fastdelivery.es\/index.php\/wp-json\/wp\/v2\/media?parent=248351"}],"wp:term":[{"taxonomy":"product_brand","embeddable":true,"href":"https:\/\/mentta.fastdelivery.es\/index.php\/wp-json\/wp\/v2\/product_brand?post=248351"},{"taxonomy":"product_cat","embeddable":true,"href":"https:\/\/mentta.fastdelivery.es\/index.php\/wp-json\/wp\/v2\/product_cat?post=248351"},{"taxonomy":"product_tag","embeddable":true,"href":"https:\/\/mentta.fastdelivery.es\/index.php\/wp-json\/wp\/v2\/product_tag?post=248351"}],"curies":[{"name":"wp","href":"https:\/\/api.w.org\/{rel}","templated":true}]}}