{"id":248357,"date":"2024-07-04T12:00:09","date_gmt":"2024-07-04T10:00:09","guid":{"rendered":"https:\/\/mentta.fastdelivery.es\/?post_type=product&#038;p=248357"},"modified":"2026-03-10T17:16:27","modified_gmt":"2026-03-10T16:16:27","slug":"bote-sazonador-sabor-mexico","status":"publish","type":"product","link":"https:\/\/mentta.fastdelivery.es\/index.php\/producto\/bote-sazonador-sabor-mexico\/","title":{"rendered":"Bote Sazonador sabor M\u00e9xico"},"content":{"rendered":"<p>Mezcla de hierbas, especias y condimentos utilizados para dar un toque picante a fajitas y burritos, comidas t\u00edpicas mexicanas.<\/p>\n<p>Aplicar las especias a la carne (pollo o ternera) una vez est\u00e9n en la sart\u00e9n junto con las verduras, y dejar cocinar a fuego lento para impregnar su sabor.<\/p>\n","protected":false},"excerpt":{"rendered":"<p>Mezcla de hierbas, especias y condimentos utilizados para dar un toque picante a fajitas y burritos, comidas t\u00edpicas mexicanas. Aplicar las especias a la carne (pollo o ternera) una vez est\u00e9n en la sart\u00e9n junto con las verduras, y dejar cocinar a fuego lento para impregnar su sabor.<\/p>\n","protected":false},"featured_media":248358,"comment_status":"closed","ping_status":"closed","template":"","meta":[],"product_brand":[],"product_cat":[63],"product_tag":[],"class_list":{"0":"post-248357","1":"product","2":"type-product","3":"status-publish","4":"has-post-thumbnail","6":"product_cat-especias-y-condimentos","8":"first","9":"instock","10":"shipping-taxable","11":"purchasable","12":"product-type-simple"},"_links":{"self":[{"href":"https:\/\/mentta.fastdelivery.es\/index.php\/wp-json\/wp\/v2\/product\/248357","targetHints":{"allow":["GET"]}}],"collection":[{"href":"https:\/\/mentta.fastdelivery.es\/index.php\/wp-json\/wp\/v2\/product"}],"about":[{"href":"https:\/\/mentta.fastdelivery.es\/index.php\/wp-json\/wp\/v2\/types\/product"}],"replies":[{"embeddable":true,"href":"https:\/\/mentta.fastdelivery.es\/index.php\/wp-json\/wp\/v2\/comments?post=248357"}],"wp:featuredmedia":[{"embeddable":true,"href":"https:\/\/mentta.fastdelivery.es\/index.php\/wp-json\/wp\/v2\/media\/248358"}],"wp:attachment":[{"href":"https:\/\/mentta.fastdelivery.es\/index.php\/wp-json\/wp\/v2\/media?parent=248357"}],"wp:term":[{"taxonomy":"product_brand","embeddable":true,"href":"https:\/\/mentta.fastdelivery.es\/index.php\/wp-json\/wp\/v2\/product_brand?post=248357"},{"taxonomy":"product_cat","embeddable":true,"href":"https:\/\/mentta.fastdelivery.es\/index.php\/wp-json\/wp\/v2\/product_cat?post=248357"},{"taxonomy":"product_tag","embeddable":true,"href":"https:\/\/mentta.fastdelivery.es\/index.php\/wp-json\/wp\/v2\/product_tag?post=248357"}],"curies":[{"name":"wp","href":"https:\/\/api.w.org\/{rel}","templated":true}]}}