{"id":248360,"date":"2024-07-04T12:02:37","date_gmt":"2024-07-04T10:02:37","guid":{"rendered":"https:\/\/mentta.fastdelivery.es\/?post_type=product&#038;p=248360"},"modified":"2026-03-10T17:16:27","modified_gmt":"2026-03-10T16:16:27","slug":"bote-pimienta-negra-en-grano","status":"publish","type":"product","link":"https:\/\/mentta.fastdelivery.es\/index.php\/producto\/bote-pimienta-negra-en-grano\/","title":{"rendered":"Bote Pimienta Negra en Grano"},"content":{"rendered":"<p>La\u00a0<strong>Pimienta Negra<\/strong>\u00a0se produce cuando el grano de la pimienta est\u00e1 en la mitad de su maduraci\u00f3n, y es una de las m\u00e1s usadas en la antig\u00fcedad.<\/p>\n<p>El sabor picante de la pimienta se obtiene del compuesto piperina, que se encuentra en la c\u00e1scara y semilla de la pimienta.<\/p>\n<p>Es utilizada principalmente en guisos, as\u00ed como en carnes asadas o a la parrilla, sopas, adobos, pastas, arroces. Es una de las especias que se puede utilizar para casi cualquier comida.<\/p>\n","protected":false},"excerpt":{"rendered":"<p>La\u00a0Pimienta Negra\u00a0se produce cuando el grano de la pimienta est\u00e1 en la mitad de su maduraci\u00f3n, y es una de las m\u00e1s usadas en la antig\u00fcedad. El sabor picante de la pimienta se obtiene del compuesto piperina, que se encuentra en la c\u00e1scara y semilla de la pimienta. Es utilizada principalmente en guisos, as\u00ed como [&hellip;]<\/p>\n","protected":false},"featured_media":247139,"comment_status":"closed","ping_status":"closed","template":"","meta":[],"product_brand":[],"product_cat":[63],"product_tag":[],"class_list":{"0":"post-248360","1":"product","2":"type-product","3":"status-publish","4":"has-post-thumbnail","6":"product_cat-especias-y-condimentos","8":"first","9":"instock","10":"shipping-taxable","11":"purchasable","12":"product-type-simple"},"_links":{"self":[{"href":"https:\/\/mentta.fastdelivery.es\/index.php\/wp-json\/wp\/v2\/product\/248360","targetHints":{"allow":["GET"]}}],"collection":[{"href":"https:\/\/mentta.fastdelivery.es\/index.php\/wp-json\/wp\/v2\/product"}],"about":[{"href":"https:\/\/mentta.fastdelivery.es\/index.php\/wp-json\/wp\/v2\/types\/product"}],"replies":[{"embeddable":true,"href":"https:\/\/mentta.fastdelivery.es\/index.php\/wp-json\/wp\/v2\/comments?post=248360"}],"wp:featuredmedia":[{"embeddable":true,"href":"https:\/\/mentta.fastdelivery.es\/index.php\/wp-json\/wp\/v2\/media\/247139"}],"wp:attachment":[{"href":"https:\/\/mentta.fastdelivery.es\/index.php\/wp-json\/wp\/v2\/media?parent=248360"}],"wp:term":[{"taxonomy":"product_brand","embeddable":true,"href":"https:\/\/mentta.fastdelivery.es\/index.php\/wp-json\/wp\/v2\/product_brand?post=248360"},{"taxonomy":"product_cat","embeddable":true,"href":"https:\/\/mentta.fastdelivery.es\/index.php\/wp-json\/wp\/v2\/product_cat?post=248360"},{"taxonomy":"product_tag","embeddable":true,"href":"https:\/\/mentta.fastdelivery.es\/index.php\/wp-json\/wp\/v2\/product_tag?post=248360"}],"curies":[{"name":"wp","href":"https:\/\/api.w.org\/{rel}","templated":true}]}}