{"id":248365,"date":"2024-07-04T15:47:20","date_gmt":"2024-07-04T13:47:20","guid":{"rendered":"https:\/\/mentta.fastdelivery.es\/?post_type=product&#038;p=248365"},"modified":"2026-03-10T17:16:26","modified_gmt":"2026-03-10T16:16:26","slug":"lomo-bellota-huelva-75-raza-iberica-16-kg","status":"publish","type":"product","link":"https:\/\/mentta.fastdelivery.es\/index.php\/producto\/lomo-bellota-huelva-75-raza-iberica-16-kg\/","title":{"rendered":"Lomo Bellota Huelva (75% Raza Ib\u00e9rica) 1,6 kg"},"content":{"rendered":"<p>Pieza de<strong>\u00a0Lomo de Bellota de Huelva 75% Raza Ib\u00e9rica<\/strong>\u00a0de Artesana Jamonera.<\/p>\n<p><strong>Embutido<\/strong>\u00a0de la mayor calidad. Elaborado de forma natural, con los mejores condimentos y con carnes magras procedentes del\u00a0<strong>cerdo Ib\u00e9rico<\/strong>\u00a0de\u00a0<strong>Bellota<\/strong>\u00a0criado en\u00a0<strong>Huelva<\/strong>.<\/p>\n<p><strong>75% raza Ib\u00e9rica<\/strong>: Se obtiene de cerdos con un progenitor 100% Ib\u00e9rico y otro 50% Ib\u00e9rico.<\/p>\n<p>*Precio aproximado por pieza de\u00a01,6 Kg.<\/p>\n<p>*En la preparaci\u00f3n de productos frescos puede existir una ligera variaci\u00f3n del precio final en funci\u00f3n del peso.<\/p>\n","protected":false},"excerpt":{"rendered":"<p>Pieza de\u00a0Lomo de Bellota de Huelva 75% Raza Ib\u00e9rica\u00a0de Artesana Jamonera. Embutido\u00a0de la mayor calidad. Elaborado de forma natural, con los mejores condimentos y con carnes magras procedentes del\u00a0cerdo Ib\u00e9rico\u00a0de\u00a0Bellota\u00a0criado en\u00a0Huelva. 75% raza Ib\u00e9rica: Se obtiene de cerdos con un progenitor 100% Ib\u00e9rico y otro 50% Ib\u00e9rico. *Precio aproximado por pieza de\u00a01,6 Kg. *En la [&hellip;]<\/p>\n","protected":false},"featured_media":247145,"comment_status":"closed","ping_status":"closed","template":"","meta":[],"product_brand":[],"product_cat":[73],"product_tag":[],"class_list":{"0":"post-248365","1":"product","2":"type-product","3":"status-publish","4":"has-post-thumbnail","6":"product_cat-fiambres-y-embutidos","8":"first","9":"instock","10":"shipping-taxable","11":"purchasable","12":"product-type-simple"},"_links":{"self":[{"href":"https:\/\/mentta.fastdelivery.es\/index.php\/wp-json\/wp\/v2\/product\/248365","targetHints":{"allow":["GET"]}}],"collection":[{"href":"https:\/\/mentta.fastdelivery.es\/index.php\/wp-json\/wp\/v2\/product"}],"about":[{"href":"https:\/\/mentta.fastdelivery.es\/index.php\/wp-json\/wp\/v2\/types\/product"}],"replies":[{"embeddable":true,"href":"https:\/\/mentta.fastdelivery.es\/index.php\/wp-json\/wp\/v2\/comments?post=248365"}],"wp:featuredmedia":[{"embeddable":true,"href":"https:\/\/mentta.fastdelivery.es\/index.php\/wp-json\/wp\/v2\/media\/247145"}],"wp:attachment":[{"href":"https:\/\/mentta.fastdelivery.es\/index.php\/wp-json\/wp\/v2\/media?parent=248365"}],"wp:term":[{"taxonomy":"product_brand","embeddable":true,"href":"https:\/\/mentta.fastdelivery.es\/index.php\/wp-json\/wp\/v2\/product_brand?post=248365"},{"taxonomy":"product_cat","embeddable":true,"href":"https:\/\/mentta.fastdelivery.es\/index.php\/wp-json\/wp\/v2\/product_cat?post=248365"},{"taxonomy":"product_tag","embeddable":true,"href":"https:\/\/mentta.fastdelivery.es\/index.php\/wp-json\/wp\/v2\/product_tag?post=248365"}],"curies":[{"name":"wp","href":"https:\/\/api.w.org\/{rel}","templated":true}]}}