{"id":248366,"date":"2024-07-04T15:53:21","date_gmt":"2024-07-04T13:53:21","guid":{"rendered":"https:\/\/mentta.fastdelivery.es\/?post_type=product&#038;p=248366"},"modified":"2026-03-10T17:16:26","modified_gmt":"2026-03-10T16:16:26","slug":"salchichon-iberico-salamanca-14-kg","status":"publish","type":"product","link":"https:\/\/mentta.fastdelivery.es\/index.php\/producto\/salchichon-iberico-salamanca-14-kg\/","title":{"rendered":"Salchich\u00f3n ib\u00e9rico Salamanca 1,4 kg"},"content":{"rendered":"<p>Pieza de<strong>\u00a0Salchich\u00f3n Ib\u00e9rico de Salamanca<\/strong>\u00a0de Artesana Jamonera.<\/p>\n<p><strong>Embutido<\/strong>\u00a0elaborado de forma natural, con los mejores condimentos y con carnes magras de alta calidad procedentes del\u00a0<strong>cerdo Ib\u00e9rico<\/strong>\u00a0criado en\u00a0<strong>Salamanca<\/strong>.<\/p>\n<p>*Precio aproximado por pieza de 1,4 kg.<\/p>\n<p>*En la preparaci\u00f3n de productos frescos puede existir una ligera variaci\u00f3n del precio final en funci\u00f3n del peso.<\/p>\n","protected":false},"excerpt":{"rendered":"<p>Pieza de\u00a0Salchich\u00f3n Ib\u00e9rico de Salamanca\u00a0de Artesana Jamonera. Embutido\u00a0elaborado de forma natural, con los mejores condimentos y con carnes magras de alta calidad procedentes del\u00a0cerdo Ib\u00e9rico\u00a0criado en\u00a0Salamanca. *Precio aproximado por pieza de 1,4 kg. *En la preparaci\u00f3n de productos frescos puede existir una ligera variaci\u00f3n del precio final en funci\u00f3n del peso.<\/p>\n","protected":false},"featured_media":247147,"comment_status":"closed","ping_status":"closed","template":"","meta":[],"product_brand":[],"product_cat":[73],"product_tag":[],"class_list":{"0":"post-248366","1":"product","2":"type-product","3":"status-publish","4":"has-post-thumbnail","6":"product_cat-fiambres-y-embutidos","8":"first","9":"instock","10":"shipping-taxable","11":"purchasable","12":"product-type-simple"},"_links":{"self":[{"href":"https:\/\/mentta.fastdelivery.es\/index.php\/wp-json\/wp\/v2\/product\/248366","targetHints":{"allow":["GET"]}}],"collection":[{"href":"https:\/\/mentta.fastdelivery.es\/index.php\/wp-json\/wp\/v2\/product"}],"about":[{"href":"https:\/\/mentta.fastdelivery.es\/index.php\/wp-json\/wp\/v2\/types\/product"}],"replies":[{"embeddable":true,"href":"https:\/\/mentta.fastdelivery.es\/index.php\/wp-json\/wp\/v2\/comments?post=248366"}],"wp:featuredmedia":[{"embeddable":true,"href":"https:\/\/mentta.fastdelivery.es\/index.php\/wp-json\/wp\/v2\/media\/247147"}],"wp:attachment":[{"href":"https:\/\/mentta.fastdelivery.es\/index.php\/wp-json\/wp\/v2\/media?parent=248366"}],"wp:term":[{"taxonomy":"product_brand","embeddable":true,"href":"https:\/\/mentta.fastdelivery.es\/index.php\/wp-json\/wp\/v2\/product_brand?post=248366"},{"taxonomy":"product_cat","embeddable":true,"href":"https:\/\/mentta.fastdelivery.es\/index.php\/wp-json\/wp\/v2\/product_cat?post=248366"},{"taxonomy":"product_tag","embeddable":true,"href":"https:\/\/mentta.fastdelivery.es\/index.php\/wp-json\/wp\/v2\/product_tag?post=248366"}],"curies":[{"name":"wp","href":"https:\/\/api.w.org\/{rel}","templated":true}]}}