{"id":248370,"date":"2024-07-04T16:00:33","date_gmt":"2024-07-04T14:00:33","guid":{"rendered":"https:\/\/mentta.fastdelivery.es\/?post_type=product&#038;p=248370"},"modified":"2026-03-10T17:16:26","modified_gmt":"2026-03-10T16:16:26","slug":"salchichon-iberico-los-nortenos-1-kg-aprox","status":"publish","type":"product","link":"https:\/\/mentta.fastdelivery.es\/index.php\/producto\/salchichon-iberico-los-nortenos-1-kg-aprox\/","title":{"rendered":"Salchich\u00f3n Ib\u00e9rico Los Norte\u00f1os 1 Kg aprox"},"content":{"rendered":"<p><strong>Salchich\u00f3n Ib\u00e9rico<\/strong>\u00a0de Grupo Los Norte\u00f1os.<\/p>\n<p><strong>Embutido<\/strong>\u00a0natural realizado con carne ib\u00e9rica de gran calidad. Su proceso de elaboraci\u00f3n artesanal y mezcla de especias otorgan al\u00a0<strong>salchich\u00f3n Ib\u00e9rico<\/strong>\u00a0un sabor \u00fanico.<\/p>\n<p>*Precio aproximado por pieza de 1Kg<\/p>\n<p>*En la preparaci\u00f3n de productos frescos puede existir una ligera variaci\u00f3n del precio final en funci\u00f3n del peso.<\/p>\n","protected":false},"excerpt":{"rendered":"<p>Salchich\u00f3n Ib\u00e9rico\u00a0de Grupo Los Norte\u00f1os. Embutido\u00a0natural realizado con carne ib\u00e9rica de gran calidad. Su proceso de elaboraci\u00f3n artesanal y mezcla de especias otorgan al\u00a0salchich\u00f3n Ib\u00e9rico\u00a0un sabor \u00fanico. *Precio aproximado por pieza de 1Kg *En la preparaci\u00f3n de productos frescos puede existir una ligera variaci\u00f3n del precio final en funci\u00f3n del peso.<\/p>\n","protected":false},"featured_media":247151,"comment_status":"closed","ping_status":"closed","template":"","meta":[],"product_brand":[],"product_cat":[73],"product_tag":[],"class_list":{"0":"post-248370","1":"product","2":"type-product","3":"status-publish","4":"has-post-thumbnail","6":"product_cat-fiambres-y-embutidos","8":"first","9":"instock","10":"shipping-taxable","11":"purchasable","12":"product-type-simple"},"_links":{"self":[{"href":"https:\/\/mentta.fastdelivery.es\/index.php\/wp-json\/wp\/v2\/product\/248370","targetHints":{"allow":["GET"]}}],"collection":[{"href":"https:\/\/mentta.fastdelivery.es\/index.php\/wp-json\/wp\/v2\/product"}],"about":[{"href":"https:\/\/mentta.fastdelivery.es\/index.php\/wp-json\/wp\/v2\/types\/product"}],"replies":[{"embeddable":true,"href":"https:\/\/mentta.fastdelivery.es\/index.php\/wp-json\/wp\/v2\/comments?post=248370"}],"wp:featuredmedia":[{"embeddable":true,"href":"https:\/\/mentta.fastdelivery.es\/index.php\/wp-json\/wp\/v2\/media\/247151"}],"wp:attachment":[{"href":"https:\/\/mentta.fastdelivery.es\/index.php\/wp-json\/wp\/v2\/media?parent=248370"}],"wp:term":[{"taxonomy":"product_brand","embeddable":true,"href":"https:\/\/mentta.fastdelivery.es\/index.php\/wp-json\/wp\/v2\/product_brand?post=248370"},{"taxonomy":"product_cat","embeddable":true,"href":"https:\/\/mentta.fastdelivery.es\/index.php\/wp-json\/wp\/v2\/product_cat?post=248370"},{"taxonomy":"product_tag","embeddable":true,"href":"https:\/\/mentta.fastdelivery.es\/index.php\/wp-json\/wp\/v2\/product_tag?post=248370"}],"curies":[{"name":"wp","href":"https:\/\/api.w.org\/{rel}","templated":true}]}}