{"id":248372,"date":"2024-07-04T16:03:29","date_gmt":"2024-07-04T14:03:29","guid":{"rendered":"https:\/\/mentta.fastdelivery.es\/?post_type=product&#038;p=248372"},"modified":"2026-03-10T17:16:26","modified_gmt":"2026-03-10T16:16:26","slug":"lomo-blanco-matanza-16-kg","status":"publish","type":"product","link":"https:\/\/mentta.fastdelivery.es\/index.php\/producto\/lomo-blanco-matanza-16-kg\/","title":{"rendered":"Lomo Blanco Matanza 1,6 kg"},"content":{"rendered":"<p>Pieza de<strong>\u00a0Lomo Blanco de matanza<\/strong>\u00a0de Artesana Jamonera.<\/p>\n<p>*Precio aproximado por pieza de 1,6\u00a0kg.<\/p>\n<p>*En la preparaci\u00f3n de productos frescos puede existir una ligera variaci\u00f3n del precio final en funci\u00f3n del peso.<\/p>\n","protected":false},"excerpt":{"rendered":"<p>Pieza de\u00a0Lomo Blanco de matanza\u00a0de Artesana Jamonera. *Precio aproximado por pieza de 1,6\u00a0kg. *En la preparaci\u00f3n de productos frescos puede existir una ligera variaci\u00f3n del precio final en funci\u00f3n del peso.<\/p>\n","protected":false},"featured_media":248373,"comment_status":"closed","ping_status":"closed","template":"","meta":[],"product_brand":[],"product_cat":[73],"product_tag":[],"class_list":{"0":"post-248372","1":"product","2":"type-product","3":"status-publish","4":"has-post-thumbnail","6":"product_cat-fiambres-y-embutidos","8":"first","9":"instock","10":"shipping-taxable","11":"purchasable","12":"product-type-simple"},"_links":{"self":[{"href":"https:\/\/mentta.fastdelivery.es\/index.php\/wp-json\/wp\/v2\/product\/248372","targetHints":{"allow":["GET"]}}],"collection":[{"href":"https:\/\/mentta.fastdelivery.es\/index.php\/wp-json\/wp\/v2\/product"}],"about":[{"href":"https:\/\/mentta.fastdelivery.es\/index.php\/wp-json\/wp\/v2\/types\/product"}],"replies":[{"embeddable":true,"href":"https:\/\/mentta.fastdelivery.es\/index.php\/wp-json\/wp\/v2\/comments?post=248372"}],"wp:featuredmedia":[{"embeddable":true,"href":"https:\/\/mentta.fastdelivery.es\/index.php\/wp-json\/wp\/v2\/media\/248373"}],"wp:attachment":[{"href":"https:\/\/mentta.fastdelivery.es\/index.php\/wp-json\/wp\/v2\/media?parent=248372"}],"wp:term":[{"taxonomy":"product_brand","embeddable":true,"href":"https:\/\/mentta.fastdelivery.es\/index.php\/wp-json\/wp\/v2\/product_brand?post=248372"},{"taxonomy":"product_cat","embeddable":true,"href":"https:\/\/mentta.fastdelivery.es\/index.php\/wp-json\/wp\/v2\/product_cat?post=248372"},{"taxonomy":"product_tag","embeddable":true,"href":"https:\/\/mentta.fastdelivery.es\/index.php\/wp-json\/wp\/v2\/product_tag?post=248372"}],"curies":[{"name":"wp","href":"https:\/\/api.w.org\/{rel}","templated":true}]}}