{"id":248374,"date":"2024-07-04T16:04:30","date_gmt":"2024-07-04T14:04:30","guid":{"rendered":"https:\/\/mentta.fastdelivery.es\/?post_type=product&#038;p=248374"},"modified":"2026-03-10T17:16:26","modified_gmt":"2026-03-10T16:16:26","slug":"salchichon-iberico-de-bellota-arturo-sanchez-125-kg-aprox","status":"publish","type":"product","link":"https:\/\/mentta.fastdelivery.es\/index.php\/producto\/salchichon-iberico-de-bellota-arturo-sanchez-125-kg-aprox\/","title":{"rendered":"Salchich\u00f3n Ib\u00e9rico de Bellota Arturo S\u00e1nchez 1,25 kg aprox."},"content":{"rendered":"<p>El\u00a0<strong>Salchich\u00f3n Ib\u00e9rico de Bellota Arturo S\u00e1nchez<\/strong>\u00a0se elabora en la localidad salmantina de Guijuelo.<\/p>\n<p>A partir de piezas nobles de cerdo ib\u00e9rico, sal, pimienta negra y otras especias.<\/p>\n<p>Selecci\u00f3n de carnes nobles, el embuchado manual con tripa natural de cerdo ib\u00e9rico, el suave secado en le\u00f1a de encina y su curaci\u00f3n superior a los 6 meses.<\/p>\n<p>Su sabor a pura tradici\u00f3n, reconocible al instante, aut\u00e9ntico, puro y fino, lo convierten en una pieza diferente, con personalidad y realmente seductora.<\/p>\n<p>*Piezas de 1 &#8211; 1,5 kg aprox. por lo que puede existir una ligera variaci\u00f3n en el precio final del producto.<\/p>\n","protected":false},"excerpt":{"rendered":"<p>El\u00a0Salchich\u00f3n Ib\u00e9rico de Bellota Arturo S\u00e1nchez\u00a0se elabora en la localidad salmantina de Guijuelo. A partir de piezas nobles de cerdo ib\u00e9rico, sal, pimienta negra y otras especias. Selecci\u00f3n de carnes nobles, el embuchado manual con tripa natural de cerdo ib\u00e9rico, el suave secado en le\u00f1a de encina y su curaci\u00f3n superior a los 6 meses. [&hellip;]<\/p>\n","protected":false},"featured_media":247155,"comment_status":"closed","ping_status":"closed","template":"","meta":[],"product_brand":[],"product_cat":[73],"product_tag":[],"class_list":{"0":"post-248374","1":"product","2":"type-product","3":"status-publish","4":"has-post-thumbnail","6":"product_cat-fiambres-y-embutidos","8":"first","9":"instock","10":"shipping-taxable","11":"purchasable","12":"product-type-simple"},"_links":{"self":[{"href":"https:\/\/mentta.fastdelivery.es\/index.php\/wp-json\/wp\/v2\/product\/248374","targetHints":{"allow":["GET"]}}],"collection":[{"href":"https:\/\/mentta.fastdelivery.es\/index.php\/wp-json\/wp\/v2\/product"}],"about":[{"href":"https:\/\/mentta.fastdelivery.es\/index.php\/wp-json\/wp\/v2\/types\/product"}],"replies":[{"embeddable":true,"href":"https:\/\/mentta.fastdelivery.es\/index.php\/wp-json\/wp\/v2\/comments?post=248374"}],"wp:featuredmedia":[{"embeddable":true,"href":"https:\/\/mentta.fastdelivery.es\/index.php\/wp-json\/wp\/v2\/media\/247155"}],"wp:attachment":[{"href":"https:\/\/mentta.fastdelivery.es\/index.php\/wp-json\/wp\/v2\/media?parent=248374"}],"wp:term":[{"taxonomy":"product_brand","embeddable":true,"href":"https:\/\/mentta.fastdelivery.es\/index.php\/wp-json\/wp\/v2\/product_brand?post=248374"},{"taxonomy":"product_cat","embeddable":true,"href":"https:\/\/mentta.fastdelivery.es\/index.php\/wp-json\/wp\/v2\/product_cat?post=248374"},{"taxonomy":"product_tag","embeddable":true,"href":"https:\/\/mentta.fastdelivery.es\/index.php\/wp-json\/wp\/v2\/product_tag?post=248374"}],"curies":[{"name":"wp","href":"https:\/\/api.w.org\/{rel}","templated":true}]}}