{"id":248377,"date":"2024-07-04T16:07:56","date_gmt":"2024-07-04T14:07:56","guid":{"rendered":"https:\/\/mentta.fastdelivery.es\/?post_type=product&#038;p=248377"},"modified":"2026-03-10T17:16:26","modified_gmt":"2026-03-10T16:16:26","slug":"lomo-bellota-iberico-75-raza-iberica-huelva-100-gr","status":"publish","type":"product","link":"https:\/\/mentta.fastdelivery.es\/index.php\/producto\/lomo-bellota-iberico-75-raza-iberica-huelva-100-gr\/","title":{"rendered":"Lomo Bellota Ib\u00e9rico (75% Raza Ib\u00e9rica) Huelva 100 gr"},"content":{"rendered":"<p><strong>Lomo Bellota 75% Raza Ib\u00e9rica de Huelva<\/strong>\u00a0de Artesana Jamonera.<\/p>\n<p><strong>Embutido<\/strong>\u00a0de la mayor calidad. Elaborado de forma natural, con los mejores condimentos y con carnes magras procedentes del\u00a0<strong>cerdo Ib\u00e9rico<\/strong>\u00a0de\u00a0<strong>Bellota<\/strong>\u00a0criado en\u00a0<strong>Huelva<\/strong>.<\/p>\n<p><strong>75% raza Ib\u00e9rica<\/strong>: Se obtiene de cerdos con un progenitor 100% Ib\u00e9rico y otro 50% Ib\u00e9rico.<\/p>\n<p>Producto cortado\u00a0por personal profesional.\u00a0Jugoso y listo para consumir.<\/p>\n<p>*Precio por peso aproximado del producto 100gr.<\/p>\n<p>*Este producto se presenta en bandeja la vac\u00edo para conservar su frescura.<\/p>\n","protected":false},"excerpt":{"rendered":"<p>Lomo Bellota 75% Raza Ib\u00e9rica de Huelva\u00a0de Artesana Jamonera. Embutido\u00a0de la mayor calidad. Elaborado de forma natural, con los mejores condimentos y con carnes magras procedentes del\u00a0cerdo Ib\u00e9rico\u00a0de\u00a0Bellota\u00a0criado en\u00a0Huelva. 75% raza Ib\u00e9rica: Se obtiene de cerdos con un progenitor 100% Ib\u00e9rico y otro 50% Ib\u00e9rico. Producto cortado\u00a0por personal profesional.\u00a0Jugoso y listo para consumir. *Precio por [&hellip;]<\/p>\n","protected":false},"featured_media":248378,"comment_status":"closed","ping_status":"closed","template":"","meta":[],"product_brand":[],"product_cat":[73],"product_tag":[],"class_list":{"0":"post-248377","1":"product","2":"type-product","3":"status-publish","4":"has-post-thumbnail","6":"product_cat-fiambres-y-embutidos","8":"first","9":"instock","10":"shipping-taxable","11":"purchasable","12":"product-type-simple"},"_links":{"self":[{"href":"https:\/\/mentta.fastdelivery.es\/index.php\/wp-json\/wp\/v2\/product\/248377","targetHints":{"allow":["GET"]}}],"collection":[{"href":"https:\/\/mentta.fastdelivery.es\/index.php\/wp-json\/wp\/v2\/product"}],"about":[{"href":"https:\/\/mentta.fastdelivery.es\/index.php\/wp-json\/wp\/v2\/types\/product"}],"replies":[{"embeddable":true,"href":"https:\/\/mentta.fastdelivery.es\/index.php\/wp-json\/wp\/v2\/comments?post=248377"}],"wp:featuredmedia":[{"embeddable":true,"href":"https:\/\/mentta.fastdelivery.es\/index.php\/wp-json\/wp\/v2\/media\/248378"}],"wp:attachment":[{"href":"https:\/\/mentta.fastdelivery.es\/index.php\/wp-json\/wp\/v2\/media?parent=248377"}],"wp:term":[{"taxonomy":"product_brand","embeddable":true,"href":"https:\/\/mentta.fastdelivery.es\/index.php\/wp-json\/wp\/v2\/product_brand?post=248377"},{"taxonomy":"product_cat","embeddable":true,"href":"https:\/\/mentta.fastdelivery.es\/index.php\/wp-json\/wp\/v2\/product_cat?post=248377"},{"taxonomy":"product_tag","embeddable":true,"href":"https:\/\/mentta.fastdelivery.es\/index.php\/wp-json\/wp\/v2\/product_tag?post=248377"}],"curies":[{"name":"wp","href":"https:\/\/api.w.org\/{rel}","templated":true}]}}