{"id":248382,"date":"2024-07-04T16:12:20","date_gmt":"2024-07-04T14:12:20","guid":{"rendered":"https:\/\/mentta.fastdelivery.es\/?post_type=product&#038;p=248382"},"modified":"2026-03-10T17:16:26","modified_gmt":"2026-03-10T16:16:26","slug":"salchichon-de-bellota-iberico-salamanca-100-gr","status":"publish","type":"product","link":"https:\/\/mentta.fastdelivery.es\/index.php\/producto\/salchichon-de-bellota-iberico-salamanca-100-gr\/","title":{"rendered":"Salchich\u00f3n de Bellota ib\u00e9rico Salamanca 100 gr"},"content":{"rendered":"<p><strong>Salchich\u00f3n de Bellota Ib\u00e9rico de Salamanca<\/strong>\u00a0de Artesana Jamonera.<\/p>\n<p>Embutido de Bellota de la mayor calidad. Elaborado de forma natural, con los mejores condimentos y con carnes magras procedentes del\u00a0<strong>cerdo Ib\u00e9rico<\/strong>\u00a0de\u00a0<strong>Bellota<\/strong>\u00a0criado en\u00a0<strong>Salamanca<\/strong>.<\/p>\n<p>Producto cortado\u00a0por personal profesional.\u00a0Jugoso y listo para consumir.<\/p>\n<p>*Precio por peso aproximado del producto 100gr.<\/p>\n<p>*Este producto se presenta en bandeja la vac\u00edo para conservar su frescura.<\/p>\n","protected":false},"excerpt":{"rendered":"<p>Salchich\u00f3n de Bellota Ib\u00e9rico de Salamanca\u00a0de Artesana Jamonera. Embutido de Bellota de la mayor calidad. Elaborado de forma natural, con los mejores condimentos y con carnes magras procedentes del\u00a0cerdo Ib\u00e9rico\u00a0de\u00a0Bellota\u00a0criado en\u00a0Salamanca. Producto cortado\u00a0por personal profesional.\u00a0Jugoso y listo para consumir. *Precio por peso aproximado del producto 100gr. *Este producto se presenta en bandeja la vac\u00edo para [&hellip;]<\/p>\n","protected":false},"featured_media":248383,"comment_status":"closed","ping_status":"closed","template":"","meta":[],"product_brand":[],"product_cat":[73],"product_tag":[],"class_list":{"0":"post-248382","1":"product","2":"type-product","3":"status-publish","4":"has-post-thumbnail","6":"product_cat-fiambres-y-embutidos","8":"first","9":"instock","10":"shipping-taxable","11":"purchasable","12":"product-type-simple"},"_links":{"self":[{"href":"https:\/\/mentta.fastdelivery.es\/index.php\/wp-json\/wp\/v2\/product\/248382","targetHints":{"allow":["GET"]}}],"collection":[{"href":"https:\/\/mentta.fastdelivery.es\/index.php\/wp-json\/wp\/v2\/product"}],"about":[{"href":"https:\/\/mentta.fastdelivery.es\/index.php\/wp-json\/wp\/v2\/types\/product"}],"replies":[{"embeddable":true,"href":"https:\/\/mentta.fastdelivery.es\/index.php\/wp-json\/wp\/v2\/comments?post=248382"}],"wp:featuredmedia":[{"embeddable":true,"href":"https:\/\/mentta.fastdelivery.es\/index.php\/wp-json\/wp\/v2\/media\/248383"}],"wp:attachment":[{"href":"https:\/\/mentta.fastdelivery.es\/index.php\/wp-json\/wp\/v2\/media?parent=248382"}],"wp:term":[{"taxonomy":"product_brand","embeddable":true,"href":"https:\/\/mentta.fastdelivery.es\/index.php\/wp-json\/wp\/v2\/product_brand?post=248382"},{"taxonomy":"product_cat","embeddable":true,"href":"https:\/\/mentta.fastdelivery.es\/index.php\/wp-json\/wp\/v2\/product_cat?post=248382"},{"taxonomy":"product_tag","embeddable":true,"href":"https:\/\/mentta.fastdelivery.es\/index.php\/wp-json\/wp\/v2\/product_tag?post=248382"}],"curies":[{"name":"wp","href":"https:\/\/api.w.org\/{rel}","templated":true}]}}