{"id":248384,"date":"2024-07-04T16:16:14","date_gmt":"2024-07-04T14:16:14","guid":{"rendered":"https:\/\/mentta.fastdelivery.es\/?post_type=product&#038;p=248384"},"modified":"2026-03-10T17:16:26","modified_gmt":"2026-03-10T16:16:26","slug":"lomo-iberico-de-bellota-joselito-125kg-aprox","status":"publish","type":"product","link":"https:\/\/mentta.fastdelivery.es\/index.php\/producto\/lomo-iberico-de-bellota-joselito-125kg-aprox\/","title":{"rendered":"Lomo Ib\u00e9rico de Bellota Joselito 1,25kg aprox."},"content":{"rendered":"<p><strong>Lomo Ib\u00e9rico de Bellota<\/strong>\u00a0Joselito<\/p>\n<p>Ca\u00f1a de Lomo Joselito procedente de cerdos de tronco ib\u00e9rico de la caba\u00f1a propia de\u00a0<strong>Joselito<\/strong>.<\/p>\n<p>Se elabora durante los meses de invierno, tras el per\u00edodo de montanera.<strong>\u00a0La Ca\u00f1a de Lomo Joselito<\/strong>\u00a0se ah\u00fama en chimeneas naturales de le\u00f1a de encina y despu\u00e9s atraviesa un proceso de curaci\u00f3n natural de m\u00e1s de 6 meses en los secaderos de Joselito.<\/p>\n<p>*Piezas de 1 &#8211; 1,5 kg aprox. por lo que puede existir una ligera variaci\u00f3n en el precio final del producto.<\/p>\n","protected":false},"excerpt":{"rendered":"<p>Lomo Ib\u00e9rico de Bellota\u00a0Joselito Ca\u00f1a de Lomo Joselito procedente de cerdos de tronco ib\u00e9rico de la caba\u00f1a propia de\u00a0Joselito. Se elabora durante los meses de invierno, tras el per\u00edodo de montanera.\u00a0La Ca\u00f1a de Lomo Joselito\u00a0se ah\u00fama en chimeneas naturales de le\u00f1a de encina y despu\u00e9s atraviesa un proceso de curaci\u00f3n natural de m\u00e1s de 6 [&hellip;]<\/p>\n","protected":false},"featured_media":247167,"comment_status":"closed","ping_status":"closed","template":"","meta":[],"product_brand":[],"product_cat":[73],"product_tag":[],"class_list":{"0":"post-248384","1":"product","2":"type-product","3":"status-publish","4":"has-post-thumbnail","6":"product_cat-fiambres-y-embutidos","8":"first","9":"instock","10":"shipping-taxable","11":"purchasable","12":"product-type-simple"},"_links":{"self":[{"href":"https:\/\/mentta.fastdelivery.es\/index.php\/wp-json\/wp\/v2\/product\/248384","targetHints":{"allow":["GET"]}}],"collection":[{"href":"https:\/\/mentta.fastdelivery.es\/index.php\/wp-json\/wp\/v2\/product"}],"about":[{"href":"https:\/\/mentta.fastdelivery.es\/index.php\/wp-json\/wp\/v2\/types\/product"}],"replies":[{"embeddable":true,"href":"https:\/\/mentta.fastdelivery.es\/index.php\/wp-json\/wp\/v2\/comments?post=248384"}],"wp:featuredmedia":[{"embeddable":true,"href":"https:\/\/mentta.fastdelivery.es\/index.php\/wp-json\/wp\/v2\/media\/247167"}],"wp:attachment":[{"href":"https:\/\/mentta.fastdelivery.es\/index.php\/wp-json\/wp\/v2\/media?parent=248384"}],"wp:term":[{"taxonomy":"product_brand","embeddable":true,"href":"https:\/\/mentta.fastdelivery.es\/index.php\/wp-json\/wp\/v2\/product_brand?post=248384"},{"taxonomy":"product_cat","embeddable":true,"href":"https:\/\/mentta.fastdelivery.es\/index.php\/wp-json\/wp\/v2\/product_cat?post=248384"},{"taxonomy":"product_tag","embeddable":true,"href":"https:\/\/mentta.fastdelivery.es\/index.php\/wp-json\/wp\/v2\/product_tag?post=248384"}],"curies":[{"name":"wp","href":"https:\/\/api.w.org\/{rel}","templated":true}]}}