{"id":248388,"date":"2024-07-04T16:19:00","date_gmt":"2024-07-04T14:19:00","guid":{"rendered":"https:\/\/mentta.fastdelivery.es\/?post_type=product&#038;p=248388"},"modified":"2026-03-10T17:16:26","modified_gmt":"2026-03-10T16:16:26","slug":"lomo-cebo-de-campo-iberico-50-raza-ibercica-100-gr","status":"publish","type":"product","link":"https:\/\/mentta.fastdelivery.es\/index.php\/producto\/lomo-cebo-de-campo-iberico-50-raza-ibercica-100-gr\/","title":{"rendered":"Lomo Cebo de Campo Ib\u00e9rico (50 % Raza Ib\u00e9rcica) 100 gr"},"content":{"rendered":"<p><strong>Lomo de Cebo de Campo 50% Raza Ib\u00e9rica<\/strong>\u00a0de Artesana Jamonera.<\/p>\n<p>Junto al jam\u00f3n es uno de los embutidos ib\u00e9ricos por excelencia.Elaborado de forma natural, con los mejores condimentos y con carnes magras procedentes del\u00a0<strong>cerdo Ib\u00e9rico.<\/strong><\/p>\n<p>Producto cortado\u00a0por personal profesional.\u00a0Jugoso y listo para consumir.<\/p>\n<p>*Precio por peso aproximado del producto 100gr.<\/p>\n<p>*Este producto se presenta en bandeja la vac\u00edo para conservar su frescura.<\/p>\n","protected":false},"excerpt":{"rendered":"<p>Lomo de Cebo de Campo 50% Raza Ib\u00e9rica\u00a0de Artesana Jamonera. Junto al jam\u00f3n es uno de los embutidos ib\u00e9ricos por excelencia.Elaborado de forma natural, con los mejores condimentos y con carnes magras procedentes del\u00a0cerdo Ib\u00e9rico. Producto cortado\u00a0por personal profesional.\u00a0Jugoso y listo para consumir. *Precio por peso aproximado del producto 100gr. *Este producto se presenta en [&hellip;]<\/p>\n","protected":false},"featured_media":247170,"comment_status":"closed","ping_status":"closed","template":"","meta":[],"product_brand":[],"product_cat":[73],"product_tag":[],"class_list":{"0":"post-248388","1":"product","2":"type-product","3":"status-publish","4":"has-post-thumbnail","6":"product_cat-fiambres-y-embutidos","8":"first","9":"instock","10":"shipping-taxable","11":"purchasable","12":"product-type-simple"},"_links":{"self":[{"href":"https:\/\/mentta.fastdelivery.es\/index.php\/wp-json\/wp\/v2\/product\/248388","targetHints":{"allow":["GET"]}}],"collection":[{"href":"https:\/\/mentta.fastdelivery.es\/index.php\/wp-json\/wp\/v2\/product"}],"about":[{"href":"https:\/\/mentta.fastdelivery.es\/index.php\/wp-json\/wp\/v2\/types\/product"}],"replies":[{"embeddable":true,"href":"https:\/\/mentta.fastdelivery.es\/index.php\/wp-json\/wp\/v2\/comments?post=248388"}],"wp:featuredmedia":[{"embeddable":true,"href":"https:\/\/mentta.fastdelivery.es\/index.php\/wp-json\/wp\/v2\/media\/247170"}],"wp:attachment":[{"href":"https:\/\/mentta.fastdelivery.es\/index.php\/wp-json\/wp\/v2\/media?parent=248388"}],"wp:term":[{"taxonomy":"product_brand","embeddable":true,"href":"https:\/\/mentta.fastdelivery.es\/index.php\/wp-json\/wp\/v2\/product_brand?post=248388"},{"taxonomy":"product_cat","embeddable":true,"href":"https:\/\/mentta.fastdelivery.es\/index.php\/wp-json\/wp\/v2\/product_cat?post=248388"},{"taxonomy":"product_tag","embeddable":true,"href":"https:\/\/mentta.fastdelivery.es\/index.php\/wp-json\/wp\/v2\/product_tag?post=248388"}],"curies":[{"name":"wp","href":"https:\/\/api.w.org\/{rel}","templated":true}]}}