{"id":248390,"date":"2024-07-10T08:03:02","date_gmt":"2024-07-10T06:03:02","guid":{"rendered":"https:\/\/mentta.fastdelivery.es\/?post_type=product&#038;p=248390"},"modified":"2026-03-10T17:16:26","modified_gmt":"2026-03-10T16:16:26","slug":"solomillo-cerdo-blanco-1-kg","status":"publish","type":"product","link":"https:\/\/mentta.fastdelivery.es\/index.php\/producto\/solomillo-cerdo-blanco-1-kg\/","title":{"rendered":"Solomillo Cerdo Blanco 1 Kg"},"content":{"rendered":"<p>Pieza de\u00a0<strong>Solomillo de Cerdo Blanco<\/strong>, una de las piezas\u00a0m\u00e1s tiernas\u00a0que proviene del lomo del cerdo blanco, con una cantidad muy baja en grasa.<\/p>\n<p>Es una pieza que se puede\u00a0cocinar entera, en filetes o en medallones.<\/p>\n<p>El f\u00e1cil cocinado de este solomillo, su textura y ternura hace que sea una carne muy utilizada en infinidad de recetas, la puedes prepara al vino, con queso, a la plancha, en asados, al horno&#8230;<\/p>\n<p>Comprar\u00a0<strong>Solomillo de Cerdo Blanco<\/strong>, es garant\u00eda de una comida puramente saludable, y nada pesada al est\u00f3mago.<\/p>\n<p>&nbsp;<\/p>\n<p>*Peso aprox del producto 1000 gr.<\/p>\n<p>*En la preparaci\u00f3n de productos frescos puede existir una ligera variaci\u00f3n del precio final en funci\u00f3n del peso.<\/p>\n","protected":false},"excerpt":{"rendered":"<p>Pieza de\u00a0Solomillo de Cerdo Blanco, una de las piezas\u00a0m\u00e1s tiernas\u00a0que proviene del lomo del cerdo blanco, con una cantidad muy baja en grasa. Es una pieza que se puede\u00a0cocinar entera, en filetes o en medallones. El f\u00e1cil cocinado de este solomillo, su textura y ternura hace que sea una carne muy utilizada en infinidad de [&hellip;]<\/p>\n","protected":false},"featured_media":247174,"comment_status":"closed","ping_status":"closed","template":"","meta":[],"product_brand":[],"product_cat":[50],"product_tag":[],"class_list":{"0":"post-248390","1":"product","2":"type-product","3":"status-publish","4":"has-post-thumbnail","6":"product_cat-cerdo","8":"first","9":"instock","10":"shipping-taxable","11":"purchasable","12":"product-type-simple"},"_links":{"self":[{"href":"https:\/\/mentta.fastdelivery.es\/index.php\/wp-json\/wp\/v2\/product\/248390","targetHints":{"allow":["GET"]}}],"collection":[{"href":"https:\/\/mentta.fastdelivery.es\/index.php\/wp-json\/wp\/v2\/product"}],"about":[{"href":"https:\/\/mentta.fastdelivery.es\/index.php\/wp-json\/wp\/v2\/types\/product"}],"replies":[{"embeddable":true,"href":"https:\/\/mentta.fastdelivery.es\/index.php\/wp-json\/wp\/v2\/comments?post=248390"}],"wp:featuredmedia":[{"embeddable":true,"href":"https:\/\/mentta.fastdelivery.es\/index.php\/wp-json\/wp\/v2\/media\/247174"}],"wp:attachment":[{"href":"https:\/\/mentta.fastdelivery.es\/index.php\/wp-json\/wp\/v2\/media?parent=248390"}],"wp:term":[{"taxonomy":"product_brand","embeddable":true,"href":"https:\/\/mentta.fastdelivery.es\/index.php\/wp-json\/wp\/v2\/product_brand?post=248390"},{"taxonomy":"product_cat","embeddable":true,"href":"https:\/\/mentta.fastdelivery.es\/index.php\/wp-json\/wp\/v2\/product_cat?post=248390"},{"taxonomy":"product_tag","embeddable":true,"href":"https:\/\/mentta.fastdelivery.es\/index.php\/wp-json\/wp\/v2\/product_tag?post=248390"}],"curies":[{"name":"wp","href":"https:\/\/api.w.org\/{rel}","templated":true}]}}