{"id":248391,"date":"2024-08-03T17:53:54","date_gmt":"2024-08-03T15:53:54","guid":{"rendered":"https:\/\/mentta.fastdelivery.es\/?post_type=product&#038;p=248391"},"modified":"2026-03-10T17:16:26","modified_gmt":"2026-03-10T16:16:26","slug":"aleta-ternera-rellena-2-kg-aporx","status":"publish","type":"product","link":"https:\/\/mentta.fastdelivery.es\/index.php\/producto\/aleta-ternera-rellena-2-kg-aporx\/","title":{"rendered":"ALETA TERNERA RELLENA 2 KG APROX"},"content":{"rendered":"<p>ALETA TERNERA RELLENA 2 KG APROX<\/p>\n<p><strong>Informaci\u00f3n nutricional:\u00a0<\/strong><\/p>\n<p>Energ\u00eda: 250 kcal<\/p>\n<p>Prote\u00edna: 20g<\/p>\n<p>Grasas: 18g<\/p>\n<p>Carbohidratos: 0g<\/p>\n<p>Origen: Espa\u00f1a<\/p>\n<p>No contiene al\u00e9rgenos.<\/p>\n","protected":false},"excerpt":{"rendered":"<p>ALETA TERNERA RELLENA 2 KG APROX Informaci\u00f3n nutricional:\u00a0 Energ\u00eda: 250 kcal Prote\u00edna: 20g Grasas: 18g Carbohidratos: 0g Origen: Espa\u00f1a No contiene al\u00e9rgenos.<\/p>\n","protected":false},"featured_media":247176,"comment_status":"closed","ping_status":"closed","template":"","meta":[],"product_brand":[],"product_cat":[48],"product_tag":[],"class_list":{"0":"post-248391","1":"product","2":"type-product","3":"status-publish","4":"has-post-thumbnail","6":"product_cat-ternera","8":"first","9":"instock","10":"shipping-taxable","11":"purchasable","12":"product-type-simple"},"_links":{"self":[{"href":"https:\/\/mentta.fastdelivery.es\/index.php\/wp-json\/wp\/v2\/product\/248391","targetHints":{"allow":["GET"]}}],"collection":[{"href":"https:\/\/mentta.fastdelivery.es\/index.php\/wp-json\/wp\/v2\/product"}],"about":[{"href":"https:\/\/mentta.fastdelivery.es\/index.php\/wp-json\/wp\/v2\/types\/product"}],"replies":[{"embeddable":true,"href":"https:\/\/mentta.fastdelivery.es\/index.php\/wp-json\/wp\/v2\/comments?post=248391"}],"wp:featuredmedia":[{"embeddable":true,"href":"https:\/\/mentta.fastdelivery.es\/index.php\/wp-json\/wp\/v2\/media\/247176"}],"wp:attachment":[{"href":"https:\/\/mentta.fastdelivery.es\/index.php\/wp-json\/wp\/v2\/media?parent=248391"}],"wp:term":[{"taxonomy":"product_brand","embeddable":true,"href":"https:\/\/mentta.fastdelivery.es\/index.php\/wp-json\/wp\/v2\/product_brand?post=248391"},{"taxonomy":"product_cat","embeddable":true,"href":"https:\/\/mentta.fastdelivery.es\/index.php\/wp-json\/wp\/v2\/product_cat?post=248391"},{"taxonomy":"product_tag","embeddable":true,"href":"https:\/\/mentta.fastdelivery.es\/index.php\/wp-json\/wp\/v2\/product_tag?post=248391"}],"curies":[{"name":"wp","href":"https:\/\/api.w.org\/{rel}","templated":true}]}}