{"id":248396,"date":"2024-08-04T21:22:50","date_gmt":"2024-08-04T19:22:50","guid":{"rendered":"https:\/\/mentta.fastdelivery.es\/?post_type=product&#038;p=248396"},"modified":"2026-03-10T17:16:26","modified_gmt":"2026-03-10T16:16:26","slug":"hueso-rodilla-vacuno-bandeja-1-kg-aprox","status":"publish","type":"product","link":"https:\/\/mentta.fastdelivery.es\/index.php\/producto\/hueso-rodilla-vacuno-bandeja-1-kg-aprox\/","title":{"rendered":"HUESO RODILLA VACUNO BANDEJA 1 KG APROX"},"content":{"rendered":"<p>100% Hueso de rodilla de vacuno<\/p>\n<p><strong>Informaci\u00f3n nutricional:<\/strong><\/p>\n<p>Energ\u00eda: 50 kcal<\/p>\n<p>Prote\u00edna: 6g<\/p>\n<p>Grasas: 3g<\/p>\n<p>Carbohidratos: 0g<\/p>\n<p>Origen Espa\u00f1a<\/p>\n<p>No contiene al\u00e9rgenos.<\/p>\n","protected":false},"excerpt":{"rendered":"<p>100% Hueso de rodilla de vacuno Informaci\u00f3n nutricional: Energ\u00eda: 50 kcal Prote\u00edna: 6g Grasas: 3g Carbohidratos: 0g Origen Espa\u00f1a No contiene al\u00e9rgenos.<\/p>\n","protected":false},"featured_media":247182,"comment_status":"closed","ping_status":"closed","template":"","meta":[],"product_brand":[],"product_cat":[75],"product_tag":[],"class_list":{"0":"post-248396","1":"product","2":"type-product","3":"status-publish","4":"has-post-thumbnail","6":"product_cat-ternera-rosada","8":"first","9":"instock","10":"shipping-taxable","11":"purchasable","12":"product-type-simple"},"_links":{"self":[{"href":"https:\/\/mentta.fastdelivery.es\/index.php\/wp-json\/wp\/v2\/product\/248396","targetHints":{"allow":["GET"]}}],"collection":[{"href":"https:\/\/mentta.fastdelivery.es\/index.php\/wp-json\/wp\/v2\/product"}],"about":[{"href":"https:\/\/mentta.fastdelivery.es\/index.php\/wp-json\/wp\/v2\/types\/product"}],"replies":[{"embeddable":true,"href":"https:\/\/mentta.fastdelivery.es\/index.php\/wp-json\/wp\/v2\/comments?post=248396"}],"wp:featuredmedia":[{"embeddable":true,"href":"https:\/\/mentta.fastdelivery.es\/index.php\/wp-json\/wp\/v2\/media\/247182"}],"wp:attachment":[{"href":"https:\/\/mentta.fastdelivery.es\/index.php\/wp-json\/wp\/v2\/media?parent=248396"}],"wp:term":[{"taxonomy":"product_brand","embeddable":true,"href":"https:\/\/mentta.fastdelivery.es\/index.php\/wp-json\/wp\/v2\/product_brand?post=248396"},{"taxonomy":"product_cat","embeddable":true,"href":"https:\/\/mentta.fastdelivery.es\/index.php\/wp-json\/wp\/v2\/product_cat?post=248396"},{"taxonomy":"product_tag","embeddable":true,"href":"https:\/\/mentta.fastdelivery.es\/index.php\/wp-json\/wp\/v2\/product_tag?post=248396"}],"curies":[{"name":"wp","href":"https:\/\/api.w.org\/{rel}","templated":true}]}}