{"id":248401,"date":"2024-08-04T21:31:44","date_gmt":"2024-08-04T19:31:44","guid":{"rendered":"https:\/\/mentta.fastdelivery.es\/?post_type=product&#038;p=248401"},"modified":"2026-03-10T17:16:26","modified_gmt":"2026-03-10T16:16:26","slug":"tapilla-vaca-seleccion-fileteada-paquete-500-grs-aprox","status":"publish","type":"product","link":"https:\/\/mentta.fastdelivery.es\/index.php\/producto\/tapilla-vaca-seleccion-fileteada-paquete-500-grs-aprox\/","title":{"rendered":"TAPILLA VACA SELECCI\u00d3N FILETEADA 500 GRS APROX."},"content":{"rendered":"<p>100% Tapilla de vaca fileteada<\/p>\n<p><strong>Informaci\u00f3n nutricional:\u00a0<\/strong><\/p>\n<p>Energ\u00eda: 230 kcal<\/p>\n<p>Prote\u00edna: 21g<\/p>\n<p>Grasas: 16g<\/p>\n<p>Carbohidratos: 0g<\/p>\n<p>Origen Espa\u00f1a<\/p>\n<p>No contiene al\u00e9rgenos.<\/p>\n<p>&nbsp;<\/p>\n","protected":false},"excerpt":{"rendered":"<p>100% Tapilla de vaca fileteada Informaci\u00f3n nutricional:\u00a0 Energ\u00eda: 230 kcal Prote\u00edna: 21g Grasas: 16g Carbohidratos: 0g Origen Espa\u00f1a No contiene al\u00e9rgenos. &nbsp;<\/p>\n","protected":false},"featured_media":247188,"comment_status":"closed","ping_status":"closed","template":"","meta":[],"product_brand":[],"product_cat":[76],"product_tag":[],"class_list":{"0":"post-248401","1":"product","2":"type-product","3":"status-publish","4":"has-post-thumbnail","6":"product_cat-carne-roja","8":"first","9":"instock","10":"shipping-taxable","11":"purchasable","12":"product-type-simple"},"_links":{"self":[{"href":"https:\/\/mentta.fastdelivery.es\/index.php\/wp-json\/wp\/v2\/product\/248401","targetHints":{"allow":["GET"]}}],"collection":[{"href":"https:\/\/mentta.fastdelivery.es\/index.php\/wp-json\/wp\/v2\/product"}],"about":[{"href":"https:\/\/mentta.fastdelivery.es\/index.php\/wp-json\/wp\/v2\/types\/product"}],"replies":[{"embeddable":true,"href":"https:\/\/mentta.fastdelivery.es\/index.php\/wp-json\/wp\/v2\/comments?post=248401"}],"wp:featuredmedia":[{"embeddable":true,"href":"https:\/\/mentta.fastdelivery.es\/index.php\/wp-json\/wp\/v2\/media\/247188"}],"wp:attachment":[{"href":"https:\/\/mentta.fastdelivery.es\/index.php\/wp-json\/wp\/v2\/media?parent=248401"}],"wp:term":[{"taxonomy":"product_brand","embeddable":true,"href":"https:\/\/mentta.fastdelivery.es\/index.php\/wp-json\/wp\/v2\/product_brand?post=248401"},{"taxonomy":"product_cat","embeddable":true,"href":"https:\/\/mentta.fastdelivery.es\/index.php\/wp-json\/wp\/v2\/product_cat?post=248401"},{"taxonomy":"product_tag","embeddable":true,"href":"https:\/\/mentta.fastdelivery.es\/index.php\/wp-json\/wp\/v2\/product_tag?post=248401"}],"curies":[{"name":"wp","href":"https:\/\/api.w.org\/{rel}","templated":true}]}}