{"id":248404,"date":"2024-08-04T21:38:23","date_gmt":"2024-08-04T19:38:23","guid":{"rendered":"https:\/\/mentta.fastdelivery.es\/?post_type=product&#038;p=248404"},"modified":"2026-03-10T17:16:26","modified_gmt":"2026-03-10T16:16:26","slug":"taco-tira-de-asado-ternera-4-tacos-de-200-grs-aprox","status":"publish","type":"product","link":"https:\/\/mentta.fastdelivery.es\/index.php\/producto\/taco-tira-de-asado-ternera-4-tacos-de-200-grs-aprox\/","title":{"rendered":"TACO TIRA DE ASADO TERNERA 4 TACOS DE 200 GRS APROX."},"content":{"rendered":"<p>100% Taco tira de asado de ternera<\/p>\n<p><strong>Informaci\u00f3n nutricional:<\/strong><\/p>\n<p>Energ\u00eda: 240 kcal<\/p>\n<p>Prote\u00edna: 20g<\/p>\n<p>Grasas: 18g<\/p>\n<p>Carbohidratos: 0g<\/p>\n<p>Origen Espa\u00f1a<\/p>\n<p>No contiene al\u00e9rgenos.<\/p>\n","protected":false},"excerpt":{"rendered":"<p>100% Taco tira de asado de ternera Informaci\u00f3n nutricional: Energ\u00eda: 240 kcal Prote\u00edna: 20g Grasas: 18g Carbohidratos: 0g Origen Espa\u00f1a No contiene al\u00e9rgenos.<\/p>\n","protected":false},"featured_media":247192,"comment_status":"closed","ping_status":"closed","template":"","meta":[],"product_brand":[],"product_cat":[75],"product_tag":[],"class_list":{"0":"post-248404","1":"product","2":"type-product","3":"status-publish","4":"has-post-thumbnail","6":"product_cat-ternera-rosada","8":"first","9":"instock","10":"shipping-taxable","11":"purchasable","12":"product-type-simple"},"_links":{"self":[{"href":"https:\/\/mentta.fastdelivery.es\/index.php\/wp-json\/wp\/v2\/product\/248404","targetHints":{"allow":["GET"]}}],"collection":[{"href":"https:\/\/mentta.fastdelivery.es\/index.php\/wp-json\/wp\/v2\/product"}],"about":[{"href":"https:\/\/mentta.fastdelivery.es\/index.php\/wp-json\/wp\/v2\/types\/product"}],"replies":[{"embeddable":true,"href":"https:\/\/mentta.fastdelivery.es\/index.php\/wp-json\/wp\/v2\/comments?post=248404"}],"wp:featuredmedia":[{"embeddable":true,"href":"https:\/\/mentta.fastdelivery.es\/index.php\/wp-json\/wp\/v2\/media\/247192"}],"wp:attachment":[{"href":"https:\/\/mentta.fastdelivery.es\/index.php\/wp-json\/wp\/v2\/media?parent=248404"}],"wp:term":[{"taxonomy":"product_brand","embeddable":true,"href":"https:\/\/mentta.fastdelivery.es\/index.php\/wp-json\/wp\/v2\/product_brand?post=248404"},{"taxonomy":"product_cat","embeddable":true,"href":"https:\/\/mentta.fastdelivery.es\/index.php\/wp-json\/wp\/v2\/product_cat?post=248404"},{"taxonomy":"product_tag","embeddable":true,"href":"https:\/\/mentta.fastdelivery.es\/index.php\/wp-json\/wp\/v2\/product_tag?post=248404"}],"curies":[{"name":"wp","href":"https:\/\/api.w.org\/{rel}","templated":true}]}}