{"id":248406,"date":"2024-08-04T21:42:05","date_gmt":"2024-08-04T19:42:05","guid":{"rendered":"https:\/\/mentta.fastdelivery.es\/?post_type=product&#038;p=248406"},"modified":"2026-03-10T17:16:26","modified_gmt":"2026-03-10T16:16:26","slug":"jarrete-cordero-recental-paquete-3-unid","status":"publish","type":"product","link":"https:\/\/mentta.fastdelivery.es\/index.php\/producto\/jarrete-cordero-recental-paquete-3-unid\/","title":{"rendered":"JARRETE CORDERO RECENTAL PAQUETE 3 UNID."},"content":{"rendered":"<p>100% Jarrete de cordero recental<\/p>\n<p><strong>Informaci\u00f3n nutricional:<\/strong><\/p>\n<p>Energ\u00eda: 260 kcal<\/p>\n<p>Prote\u00edna: 23g<\/p>\n<p>Grasas: 18g<\/p>\n<p>Carbohidratos: 0g<\/p>\n<p>Origen Espa\u00f1a<\/p>\n<p>No contiene al\u00e9rgenos.<\/p>\n","protected":false},"excerpt":{"rendered":"<p>100% Jarrete de cordero recental Informaci\u00f3n nutricional: Energ\u00eda: 260 kcal Prote\u00edna: 23g Grasas: 18g Carbohidratos: 0g Origen Espa\u00f1a No contiene al\u00e9rgenos.<\/p>\n","protected":false},"featured_media":248407,"comment_status":"closed","ping_status":"closed","template":"","meta":[],"product_brand":[],"product_cat":[77],"product_tag":[],"class_list":{"0":"post-248406","1":"product","2":"type-product","3":"status-publish","4":"has-post-thumbnail","6":"product_cat-cordero-recental","8":"first","9":"instock","10":"shipping-taxable","11":"purchasable","12":"product-type-simple"},"_links":{"self":[{"href":"https:\/\/mentta.fastdelivery.es\/index.php\/wp-json\/wp\/v2\/product\/248406","targetHints":{"allow":["GET"]}}],"collection":[{"href":"https:\/\/mentta.fastdelivery.es\/index.php\/wp-json\/wp\/v2\/product"}],"about":[{"href":"https:\/\/mentta.fastdelivery.es\/index.php\/wp-json\/wp\/v2\/types\/product"}],"replies":[{"embeddable":true,"href":"https:\/\/mentta.fastdelivery.es\/index.php\/wp-json\/wp\/v2\/comments?post=248406"}],"wp:featuredmedia":[{"embeddable":true,"href":"https:\/\/mentta.fastdelivery.es\/index.php\/wp-json\/wp\/v2\/media\/248407"}],"wp:attachment":[{"href":"https:\/\/mentta.fastdelivery.es\/index.php\/wp-json\/wp\/v2\/media?parent=248406"}],"wp:term":[{"taxonomy":"product_brand","embeddable":true,"href":"https:\/\/mentta.fastdelivery.es\/index.php\/wp-json\/wp\/v2\/product_brand?post=248406"},{"taxonomy":"product_cat","embeddable":true,"href":"https:\/\/mentta.fastdelivery.es\/index.php\/wp-json\/wp\/v2\/product_cat?post=248406"},{"taxonomy":"product_tag","embeddable":true,"href":"https:\/\/mentta.fastdelivery.es\/index.php\/wp-json\/wp\/v2\/product_tag?post=248406"}],"curies":[{"name":"wp","href":"https:\/\/api.w.org\/{rel}","templated":true}]}}