{"id":248444,"date":"2024-08-04T23:16:55","date_gmt":"2024-08-04T21:16:55","guid":{"rendered":"https:\/\/mentta.fastdelivery.es\/?post_type=product&#038;p=248444"},"modified":"2026-03-10T17:16:25","modified_gmt":"2026-03-10T16:16:25","slug":"t-bone-vaca-porcionado-1-kg-aprox","status":"publish","type":"product","link":"https:\/\/mentta.fastdelivery.es\/index.php\/producto\/t-bone-vaca-porcionado-1-kg-aprox\/","title":{"rendered":"T-BONE VACA PORCIONADO 1 KG APROX."},"content":{"rendered":"<p>100% T-Bone de vaca<\/p>\n<p><strong>Informaci\u00f3n nutricional:<\/strong><\/p>\n<ul>\n<li>Energ\u00eda: 320 kcal<\/li>\n<li>Prote\u00edna: 26g<\/li>\n<li>Grasas: 24g<\/li>\n<li>Carbohidratos: 0g<\/li>\n<\/ul>\n<p>Origen Espa\u00f1a.<br \/>\nNo contiene al\u00e9rgenos.<\/p>\n<p>&nbsp;<\/p>\n","protected":false},"excerpt":{"rendered":"<p>100% T-Bone de vaca Informaci\u00f3n nutricional: Energ\u00eda: 320 kcal Prote\u00edna: 26g Grasas: 24g Carbohidratos: 0g Origen Espa\u00f1a. No contiene al\u00e9rgenos. &nbsp;<\/p>\n","protected":false},"featured_media":248445,"comment_status":"closed","ping_status":"closed","template":"","meta":[],"product_brand":[],"product_cat":[80],"product_tag":[],"class_list":{"0":"post-248444","1":"product","2":"type-product","3":"status-publish","4":"has-post-thumbnail","6":"product_cat-cortes-especiales","8":"first","9":"instock","10":"shipping-taxable","11":"purchasable","12":"product-type-simple"},"_links":{"self":[{"href":"https:\/\/mentta.fastdelivery.es\/index.php\/wp-json\/wp\/v2\/product\/248444","targetHints":{"allow":["GET"]}}],"collection":[{"href":"https:\/\/mentta.fastdelivery.es\/index.php\/wp-json\/wp\/v2\/product"}],"about":[{"href":"https:\/\/mentta.fastdelivery.es\/index.php\/wp-json\/wp\/v2\/types\/product"}],"replies":[{"embeddable":true,"href":"https:\/\/mentta.fastdelivery.es\/index.php\/wp-json\/wp\/v2\/comments?post=248444"}],"wp:featuredmedia":[{"embeddable":true,"href":"https:\/\/mentta.fastdelivery.es\/index.php\/wp-json\/wp\/v2\/media\/248445"}],"wp:attachment":[{"href":"https:\/\/mentta.fastdelivery.es\/index.php\/wp-json\/wp\/v2\/media?parent=248444"}],"wp:term":[{"taxonomy":"product_brand","embeddable":true,"href":"https:\/\/mentta.fastdelivery.es\/index.php\/wp-json\/wp\/v2\/product_brand?post=248444"},{"taxonomy":"product_cat","embeddable":true,"href":"https:\/\/mentta.fastdelivery.es\/index.php\/wp-json\/wp\/v2\/product_cat?post=248444"},{"taxonomy":"product_tag","embeddable":true,"href":"https:\/\/mentta.fastdelivery.es\/index.php\/wp-json\/wp\/v2\/product_tag?post=248444"}],"curies":[{"name":"wp","href":"https:\/\/api.w.org\/{rel}","templated":true}]}}