{"id":248448,"date":"2024-08-17T14:04:04","date_gmt":"2024-08-17T12:04:04","guid":{"rendered":"https:\/\/mentta.fastdelivery.es\/?post_type=product&#038;p=248448"},"modified":"2026-03-10T17:16:25","modified_gmt":"2026-03-10T16:16:25","slug":"desperados-330cl-24-botellas","status":"publish","type":"product","link":"https:\/\/mentta.fastdelivery.es\/index.php\/producto\/desperados-330cl-24-botellas\/","title":{"rendered":"DESPERADOS 330CL 24 BOTELLAS"},"content":{"rendered":"<p>Desperados 330 ml<\/p>\n<p><strong>Informaci\u00f3n nutricional:<\/strong><\/p>\n<ul>\n<li>Calor\u00edas: 170 kcal<\/li>\n<li>Carbohidratos: 13 g<\/li>\n<li>Prote\u00ednas: 1 g<\/li>\n<li>Alcohol: 5.9% vol.<\/li>\n<\/ul>\n<p><strong>Al\u00e9rgenos:<\/strong> Contiene gluten (derivado de la cebada). Al ser una cerveza aromatizada con tequila, tambi\u00e9n podr\u00eda contener sulfitos.<\/p>\n<p>Origen Espa\u00f1a<\/p>\n","protected":false},"excerpt":{"rendered":"<p>Desperados 330 ml Informaci\u00f3n nutricional: Calor\u00edas: 170 kcal Carbohidratos: 13 g Prote\u00ednas: 1 g Alcohol: 5.9% vol. Al\u00e9rgenos: Contiene gluten (derivado de la cebada). Al ser una cerveza aromatizada con tequila, tambi\u00e9n podr\u00eda contener sulfitos. Origen Espa\u00f1a<\/p>\n","protected":false},"featured_media":248449,"comment_status":"closed","ping_status":"closed","template":"","meta":[],"product_brand":[],"product_cat":[45],"product_tag":[],"class_list":{"0":"post-248448","1":"product","2":"type-product","3":"status-publish","4":"has-post-thumbnail","6":"product_cat-cervezas-y-refrescos","8":"first","9":"instock","10":"shipping-taxable","11":"purchasable","12":"product-type-simple"},"_links":{"self":[{"href":"https:\/\/mentta.fastdelivery.es\/index.php\/wp-json\/wp\/v2\/product\/248448","targetHints":{"allow":["GET"]}}],"collection":[{"href":"https:\/\/mentta.fastdelivery.es\/index.php\/wp-json\/wp\/v2\/product"}],"about":[{"href":"https:\/\/mentta.fastdelivery.es\/index.php\/wp-json\/wp\/v2\/types\/product"}],"replies":[{"embeddable":true,"href":"https:\/\/mentta.fastdelivery.es\/index.php\/wp-json\/wp\/v2\/comments?post=248448"}],"wp:featuredmedia":[{"embeddable":true,"href":"https:\/\/mentta.fastdelivery.es\/index.php\/wp-json\/wp\/v2\/media\/248449"}],"wp:attachment":[{"href":"https:\/\/mentta.fastdelivery.es\/index.php\/wp-json\/wp\/v2\/media?parent=248448"}],"wp:term":[{"taxonomy":"product_brand","embeddable":true,"href":"https:\/\/mentta.fastdelivery.es\/index.php\/wp-json\/wp\/v2\/product_brand?post=248448"},{"taxonomy":"product_cat","embeddable":true,"href":"https:\/\/mentta.fastdelivery.es\/index.php\/wp-json\/wp\/v2\/product_cat?post=248448"},{"taxonomy":"product_tag","embeddable":true,"href":"https:\/\/mentta.fastdelivery.es\/index.php\/wp-json\/wp\/v2\/product_tag?post=248448"}],"curies":[{"name":"wp","href":"https:\/\/api.w.org\/{rel}","templated":true}]}}