{"id":248450,"date":"2024-08-17T14:08:34","date_gmt":"2024-08-17T12:08:34","guid":{"rendered":"https:\/\/mentta.fastdelivery.es\/?post_type=product&#038;p=248450"},"modified":"2026-03-10T17:16:25","modified_gmt":"2026-03-10T16:16:25","slug":"coronita-350cl-pack","status":"publish","type":"product","link":"https:\/\/mentta.fastdelivery.es\/index.php\/producto\/coronita-350cl-pack\/","title":{"rendered":"CORONITA 350CL PACK"},"content":{"rendered":"<ul>\n<li><strong>Calor\u00edas<\/strong>: 148 kcal<\/li>\n<li><strong>Carbohidratos<\/strong>: 14 g<\/li>\n<li><strong>Prote\u00ednas<\/strong>: 1 g<\/li>\n<li><strong>Alcohol<\/strong>: 4.5% vol.<\/li>\n<li><strong>Al\u00e9rgenos<\/strong>: Contiene gluten (derivado de la cebada). No se reportan otros al\u00e9rgenos comunes.<\/li>\n<li>Origen Espa\u00f1a<\/li>\n<\/ul>\n","protected":false},"excerpt":{"rendered":"<p>Calor\u00edas: 148 kcal Carbohidratos: 14 g Prote\u00ednas: 1 g Alcohol: 4.5% vol. Al\u00e9rgenos: Contiene gluten (derivado de la cebada). No se reportan otros al\u00e9rgenos comunes. Origen Espa\u00f1a<\/p>\n","protected":false},"featured_media":247252,"comment_status":"closed","ping_status":"closed","template":"","meta":[],"product_brand":[],"product_cat":[45],"product_tag":[],"class_list":{"0":"post-248450","1":"product","2":"type-product","3":"status-publish","4":"has-post-thumbnail","6":"product_cat-cervezas-y-refrescos","8":"first","9":"instock","10":"shipping-taxable","11":"purchasable","12":"product-type-simple"},"_links":{"self":[{"href":"https:\/\/mentta.fastdelivery.es\/index.php\/wp-json\/wp\/v2\/product\/248450","targetHints":{"allow":["GET"]}}],"collection":[{"href":"https:\/\/mentta.fastdelivery.es\/index.php\/wp-json\/wp\/v2\/product"}],"about":[{"href":"https:\/\/mentta.fastdelivery.es\/index.php\/wp-json\/wp\/v2\/types\/product"}],"replies":[{"embeddable":true,"href":"https:\/\/mentta.fastdelivery.es\/index.php\/wp-json\/wp\/v2\/comments?post=248450"}],"wp:featuredmedia":[{"embeddable":true,"href":"https:\/\/mentta.fastdelivery.es\/index.php\/wp-json\/wp\/v2\/media\/247252"}],"wp:attachment":[{"href":"https:\/\/mentta.fastdelivery.es\/index.php\/wp-json\/wp\/v2\/media?parent=248450"}],"wp:term":[{"taxonomy":"product_brand","embeddable":true,"href":"https:\/\/mentta.fastdelivery.es\/index.php\/wp-json\/wp\/v2\/product_brand?post=248450"},{"taxonomy":"product_cat","embeddable":true,"href":"https:\/\/mentta.fastdelivery.es\/index.php\/wp-json\/wp\/v2\/product_cat?post=248450"},{"taxonomy":"product_tag","embeddable":true,"href":"https:\/\/mentta.fastdelivery.es\/index.php\/wp-json\/wp\/v2\/product_tag?post=248450"}],"curies":[{"name":"wp","href":"https:\/\/api.w.org\/{rel}","templated":true}]}}