{"id":248451,"date":"2024-08-18T08:51:11","date_gmt":"2024-08-18T06:51:11","guid":{"rendered":"https:\/\/mentta.fastdelivery.es\/?post_type=product&#038;p=248451"},"modified":"2026-03-10T17:16:25","modified_gmt":"2026-03-10T16:16:25","slug":"franziskaner-hefe-weisbier-500-ml-24-botellas","status":"publish","type":"product","link":"https:\/\/mentta.fastdelivery.es\/index.php\/producto\/franziskaner-hefe-weisbier-500-ml-24-botellas\/","title":{"rendered":"Franziskaner Hefe-Wei\u00dfbier 500 ml (24 botellas)"},"content":{"rendered":"<p>Franziskaner Hefe-Wei\u00dfbier 500 ml:<\/p>\n<p>Informaci\u00f3n nutricional:<\/p>\n<ul>\n<li style=\"list-style-type: none;\">\n<ul>\n<li>Calor\u00edas: 220 kcal<\/li>\n<li>Carbohidratos: 17 g<\/li>\n<li>Prote\u00ednas: 3 g<\/li>\n<li>Alcohol: 5% vol.<\/li>\n<\/ul>\n<\/li>\n<\/ul>\n<p>Al\u00e9rgenos: Contiene gluten (trigo y cebada) y puede contener sulfitos.<\/p>\n<p>Origen Espa\u00f1a<\/p>\n","protected":false},"excerpt":{"rendered":"<p>Franziskaner Hefe-Wei\u00dfbier 500 ml: Informaci\u00f3n nutricional: Calor\u00edas: 220 kcal Carbohidratos: 17 g Prote\u00ednas: 3 g Alcohol: 5% vol. Al\u00e9rgenos: Contiene gluten (trigo y cebada) y puede contener sulfitos. Origen Espa\u00f1a<\/p>\n","protected":false},"featured_media":247254,"comment_status":"closed","ping_status":"closed","template":"","meta":[],"product_brand":[],"product_cat":[45],"product_tag":[],"class_list":{"0":"post-248451","1":"product","2":"type-product","3":"status-publish","4":"has-post-thumbnail","6":"product_cat-cervezas-y-refrescos","8":"first","9":"instock","10":"shipping-taxable","11":"purchasable","12":"product-type-simple"},"_links":{"self":[{"href":"https:\/\/mentta.fastdelivery.es\/index.php\/wp-json\/wp\/v2\/product\/248451","targetHints":{"allow":["GET"]}}],"collection":[{"href":"https:\/\/mentta.fastdelivery.es\/index.php\/wp-json\/wp\/v2\/product"}],"about":[{"href":"https:\/\/mentta.fastdelivery.es\/index.php\/wp-json\/wp\/v2\/types\/product"}],"replies":[{"embeddable":true,"href":"https:\/\/mentta.fastdelivery.es\/index.php\/wp-json\/wp\/v2\/comments?post=248451"}],"wp:featuredmedia":[{"embeddable":true,"href":"https:\/\/mentta.fastdelivery.es\/index.php\/wp-json\/wp\/v2\/media\/247254"}],"wp:attachment":[{"href":"https:\/\/mentta.fastdelivery.es\/index.php\/wp-json\/wp\/v2\/media?parent=248451"}],"wp:term":[{"taxonomy":"product_brand","embeddable":true,"href":"https:\/\/mentta.fastdelivery.es\/index.php\/wp-json\/wp\/v2\/product_brand?post=248451"},{"taxonomy":"product_cat","embeddable":true,"href":"https:\/\/mentta.fastdelivery.es\/index.php\/wp-json\/wp\/v2\/product_cat?post=248451"},{"taxonomy":"product_tag","embeddable":true,"href":"https:\/\/mentta.fastdelivery.es\/index.php\/wp-json\/wp\/v2\/product_tag?post=248451"}],"curies":[{"name":"wp","href":"https:\/\/api.w.org\/{rel}","templated":true}]}}